{"id":833,"date":"2019-04-11T19:07:37","date_gmt":"2019-04-11T17:07:37","guid":{"rendered":"https:\/\/estructurasllerona.com\/?page_id=833"},"modified":"2025-11-05T12:01:25","modified_gmt":"2025-11-05T10:01:25","slug":"contact","status":"publish","type":"page","link":"https:\/\/estructurasllerona.com\/en\/contact\/","title":{"rendered":"Contact"},"content":{"rendered":"<div  class='flex_column av-2jxlpd-7239c36d97376290e845cf179a8224f1 av_one_fifth  avia-builder-el-0  el_before_av_one_third  avia-builder-el-first  first flex_column_div  '     ><\/div>\n\n<style type=\"text\/css\" data-created_by=\"avia_inline_auto\" id=\"style-css-av-2gwedl-cfd2a746601250f4da80e731fcc5c9dc\">\n.flex_column.av-2gwedl-cfd2a746601250f4da80e731fcc5c9dc{\n-webkit-border-radius:0px 0px 0px 0px;\n-moz-border-radius:0px 0px 0px 0px;\nborder-radius:0px 0px 0px 0px;\npadding:0px 0px 0px 0px;\n}\n<\/style>\n<div  class='flex_column av-2gwedl-cfd2a746601250f4da80e731fcc5c9dc av_one_third  avia-builder-el-1  el_after_av_one_fifth  el_before_av_two_fifth  flex_column_div av-zero-column-padding  '     ><br \/>\n<\/p><\/div>\n<style type=\"text\/css\" data-created_by=\"avia_inline_auto\" id=\"style-css-av-1qz90h-3f4c306ec8c9330a6ddc146f12732b7d\">\n.flex_column.av-1qz90h-3f4c306ec8c9330a6ddc146f12732b7d{\n-webkit-border-radius:0px 0px 0px 0px;\n-moz-border-radius:0px 0px 0px 0px;\nborder-radius:0px 0px 0px 0px;\npadding:0px 0px 0px 0px;\n}\n<\/style>\n<div  class='flex_column av-1qz90h-3f4c306ec8c9330a6ddc146f12732b7d av_two_fifth  avia-builder-el-4  el_after_av_one_third  el_before_av_hr  flex_column_div av-zero-column-padding  '     ><form action=\"https:\/\/estructurasllerona.com\/en\/contact\/\" method=\"post\" data-fields-with-error=\"Found errors in the following field(s):\" class=\"avia_ajax_form av-form-labels-visible   avia-builder-el-5  avia-builder-el-no-sibling   \" data-avia-form-id=\"1\" data-avia-redirect='' ><h3 class=''>Contact us<\/h3><fieldset><p class='  first_form  form_element form_fullwidth' id='element_avia_1_1'><label for=\"avia_1_1\">Name <abbr class=\"required\" title=\"required\">*<\/abbr><\/label> <input name=\"avia_1_1\" class=\"text_input is_empty\" type=\"text\" id=\"avia_1_1\" value=\"\" \/><\/p><p class='  first_form  form_element form_fullwidth' id='element_avia_2_1'><label for=\"avia_2_1\">Phone <abbr class=\"required\" title=\"required\">*<\/abbr><\/label> <input name=\"avia_2_1\" class=\"text_input is_empty\" type=\"text\" id=\"avia_2_1\" value=\"\" \/><\/p><p class='  first_form  form_element form_fullwidth' id='element_avia_3_1'><label for=\"avia_3_1\">Email <abbr class=\"required\" title=\"required\">*<\/abbr><\/label> <input name=\"avia_3_1\" class=\"text_input is_email\" type=\"text\" id=\"avia_3_1\" value=\"\" \/><\/p><p class='  first_form  form_element form_fullwidth' id='element_avia_4_1'><label for=\"avia_4_1\">Subject <abbr class=\"required\" title=\"required\">*<\/abbr><\/label> <input name=\"avia_4_1\" class=\"text_input is_empty\" type=\"text\" id=\"avia_4_1\" value=\"\" \/><\/p><p class='  first_form  form_element form_fullwidth' id='element_avia_5_1'><label for=\"avia_5_1\" class=\"textare_label hidden textare_label_avia_5_1\">Message <abbr class=\"required\" title=\"required\">*<\/abbr><\/label><textarea  name=\"avia_5_1\" class=\"text_area is_empty\" cols=\"40\" rows=\"7\" id=\"avia_5_1\" ><\/textarea><\/p><p class='  first_form  form_element form_fullwidth' id='element_avia_6_1'><input  name=\"avia_6_1\" class=\"input_checkbox is_empty\" type=\"checkbox\" id=\"avia_6_1\" value=\"true\"\/><label class=\"input_checkbox_label\" for=\"avia_6_1\">I accept the <a href=\"https:\/\/estructurasllerona.com\/en\/legal-advice\/\" target=\"_blank\" rel=\"noopener noreferrer\">terms<\/a> and <a href=\"https:\/\/estructurasllerona.com\/en\/privacy-policy\/\" target=\"_blank\" rel=\"noopener noreferrer\">conditions<\/a> <abbr class=\"required\" title=\"required\">*<\/abbr><\/label><\/p><p class=\"hidden\"><input type=\"text\" name=\"avia_7_1\" class=\"hidden \" id=\"avia_7_1\" value=\"\" \/><\/p><p class='   form_element form_fullwidth' id='element_avia_8_1'><span class='value_verifier_label'>0 + 2 = ?<\/span><input name=\"avia_8_1_verifier\" type=\"hidden\" id=\"avia_8_1_verifier\" value=\"754544627\"\/><label for=\"avia_8_1\">Please prove that you are human by solving the equation <abbr class=\"required\" title=\"required\">*<\/abbr><\/label><input name=\"avia_8_1\" class=\"text_input captcha\" type=\"text\" id=\"avia_8_1\" value=\"\"\/><\/p><p class=\"form_element \"><input type=\"hidden\" value=\"1\" name=\"avia_generated_form1\" \/><input type=\"submit\" value=\"Send\" class=\"button\"  data-sending-label=\"Sending\"\/><\/p><\/fieldset><\/form><div id=\"ajaxresponse_1\" class=\"ajaxresponse ajaxresponse_1 hidden\"><\/div><\/div><\/p>\n\n<style type=\"text\/css\" data-created_by=\"avia_inline_auto\" id=\"style-css-av-1fsu9-3af6fb546444662377f3e0f2ce5c71c1\">\n#top .hr.hr-invisible.av-1fsu9-3af6fb546444662377f3e0f2ce5c71c1{\nheight:30px;\n}\n<\/style>\n<div  class='hr av-1fsu9-3af6fb546444662377f3e0f2ce5c71c1 hr-invisible  avia-builder-el-6  el_after_av_two_fifth  el_before_av_codeblock '><span class='hr-inner '><span class=\"hr-inner-style\"><\/span><\/span><\/div>\n\n","protected":false},"excerpt":{"rendered":"","protected":false},"author":1,"featured_media":0,"parent":0,"menu_order":500,"comment_status":"closed","ping_status":"open","template":"","meta":[],"yoast_head":"<!-- This site is optimized with the Yoast SEO plugin v20.9 - https:\/\/yoast.com\/wordpress\/plugins\/seo\/ -->\n<title>Contact - Estructuras Llerona<\/title>\n<meta name=\"description\" content=\"Estructuras Met\u00e1licas Llerona Sede Central Calle Holanda, 15, Pol\u00edgono Industrial &quot;Pla de Llerona&quot; 08520 Les Franqueses del Vall\u00e9s, Barcelona,Catalu\u00f1a, Espa\u00f1a Tel. (+34) 93 840 76 21 admin@estructurasllerona.com\" \/>\n<meta name=\"robots\" content=\"index, follow, max-snippet:-1, max-image-preview:large, max-video-preview:-1\" \/>\n<link rel=\"canonical\" href=\"https:\/\/estructurasllerona.com\/en\/contact\/\" \/>\n<meta name=\"twitter:label1\" content=\"Est. reading time\" \/>\n\t<meta name=\"twitter:data1\" content=\"2 minutes\" \/>\n<script type=\"application\/ld+json\" class=\"yoast-schema-graph\">{\"@context\":\"https:\/\/schema.org\",\"@graph\":[{\"@type\":\"WebPage\",\"@id\":\"https:\/\/estructurasllerona.com\/en\/contact\/\",\"url\":\"https:\/\/estructurasllerona.com\/en\/contact\/\",\"name\":\"Contact - Estructuras Llerona\",\"isPartOf\":{\"@id\":\"https:\/\/estructurasllerona.com\/#website\"},\"datePublished\":\"2019-04-11T17:07:37+00:00\",\"dateModified\":\"2025-11-05T10:01:25+00:00\",\"description\":\"Estructuras Met\u00e1licas Llerona Sede Central Calle Holanda, 15, Pol\u00edgono Industrial \\\"Pla de Llerona\\\" 08520 Les Franqueses del Vall\u00e9s, Barcelona,Catalu\u00f1a, Espa\u00f1a Tel. (+34) 93 840 76 21 admin@estructurasllerona.com\",\"breadcrumb\":{\"@id\":\"https:\/\/estructurasllerona.com\/en\/contact\/#breadcrumb\"},\"inLanguage\":\"en-US\",\"potentialAction\":[{\"@type\":\"ReadAction\",\"target\":[\"https:\/\/estructurasllerona.com\/en\/contact\/\"]}]},{\"@type\":\"BreadcrumbList\",\"@id\":\"https:\/\/estructurasllerona.com\/en\/contact\/#breadcrumb\",\"itemListElement\":[{\"@type\":\"ListItem\",\"position\":1,\"name\":\"Portada\",\"item\":\"https:\/\/estructurasllerona.com\/en\/home\/\"},{\"@type\":\"ListItem\",\"position\":2,\"name\":\"Contact\"}]},{\"@type\":\"WebSite\",\"@id\":\"https:\/\/estructurasllerona.com\/#website\",\"url\":\"https:\/\/estructurasllerona.com\/\",\"name\":\"Estructuras Met\u00e1licas Llerona\",\"description\":\"Estructuras met\u00e1licas\",\"potentialAction\":[{\"@type\":\"SearchAction\",\"target\":{\"@type\":\"EntryPoint\",\"urlTemplate\":\"https:\/\/estructurasllerona.com\/?s={search_term_string}\"},\"query-input\":\"required name=search_term_string\"}],\"inLanguage\":\"en-US\"}]}<\/script>\n<!-- \/ Yoast SEO plugin. -->","yoast_head_json":{"title":"Contact - Estructuras Llerona","description":"Estructuras Met\u00e1licas Llerona Sede Central Calle Holanda, 15, Pol\u00edgono Industrial \"Pla de Llerona\" 08520 Les Franqueses del Vall\u00e9s, Barcelona,Catalu\u00f1a, Espa\u00f1a Tel. (+34) 93 840 76 21 admin@estructurasllerona.com","robots":{"index":"index","follow":"follow","max-snippet":"max-snippet:-1","max-image-preview":"max-image-preview:large","max-video-preview":"max-video-preview:-1"},"canonical":"https:\/\/estructurasllerona.com\/en\/contact\/","twitter_misc":{"Est. reading time":"2 minutes"},"schema":{"@context":"https:\/\/schema.org","@graph":[{"@type":"WebPage","@id":"https:\/\/estructurasllerona.com\/en\/contact\/","url":"https:\/\/estructurasllerona.com\/en\/contact\/","name":"Contact - Estructuras Llerona","isPartOf":{"@id":"https:\/\/estructurasllerona.com\/#website"},"datePublished":"2019-04-11T17:07:37+00:00","dateModified":"2025-11-05T10:01:25+00:00","description":"Estructuras Met\u00e1licas Llerona Sede Central Calle Holanda, 15, Pol\u00edgono Industrial \"Pla de Llerona\" 08520 Les Franqueses del Vall\u00e9s, Barcelona,Catalu\u00f1a, Espa\u00f1a Tel. (+34) 93 840 76 21 admin@estructurasllerona.com","breadcrumb":{"@id":"https:\/\/estructurasllerona.com\/en\/contact\/#breadcrumb"},"inLanguage":"en-US","potentialAction":[{"@type":"ReadAction","target":["https:\/\/estructurasllerona.com\/en\/contact\/"]}]},{"@type":"BreadcrumbList","@id":"https:\/\/estructurasllerona.com\/en\/contact\/#breadcrumb","itemListElement":[{"@type":"ListItem","position":1,"name":"Portada","item":"https:\/\/estructurasllerona.com\/en\/home\/"},{"@type":"ListItem","position":2,"name":"Contact"}]},{"@type":"WebSite","@id":"https:\/\/estructurasllerona.com\/#website","url":"https:\/\/estructurasllerona.com\/","name":"Estructuras Met\u00e1licas Llerona","description":"Estructuras met\u00e1licas","potentialAction":[{"@type":"SearchAction","target":{"@type":"EntryPoint","urlTemplate":"https:\/\/estructurasllerona.com\/?s={search_term_string}"},"query-input":"required name=search_term_string"}],"inLanguage":"en-US"}]}},"_links":{"self":[{"href":"https:\/\/estructurasllerona.com\/en\/wp-json\/wp\/v2\/pages\/833"}],"collection":[{"href":"https:\/\/estructurasllerona.com\/en\/wp-json\/wp\/v2\/pages"}],"about":[{"href":"https:\/\/estructurasllerona.com\/en\/wp-json\/wp\/v2\/types\/page"}],"author":[{"embeddable":true,"href":"https:\/\/estructurasllerona.com\/en\/wp-json\/wp\/v2\/users\/1"}],"replies":[{"embeddable":true,"href":"https:\/\/estructurasllerona.com\/en\/wp-json\/wp\/v2\/comments?post=833"}],"version-history":[{"count":10,"href":"https:\/\/estructurasllerona.com\/en\/wp-json\/wp\/v2\/pages\/833\/revisions"}],"predecessor-version":[{"id":3209,"href":"https:\/\/estructurasllerona.com\/en\/wp-json\/wp\/v2\/pages\/833\/revisions\/3209"}],"wp:attachment":[{"href":"https:\/\/estructurasllerona.com\/en\/wp-json\/wp\/v2\/media?parent=833"}],"curies":[{"name":"wp","href":"https:\/\/api.w.org\/{rel}","templated":true}]}}