{"id":834,"date":"2019-04-11T19:07:41","date_gmt":"2019-04-11T17:07:41","guid":{"rendered":"https:\/\/estructurasllerona.com\/?page_id=834"},"modified":"2019-04-11T19:07:41","modified_gmt":"2019-04-11T17:07:41","slug":"privacy-policy","status":"publish","type":"page","link":"https:\/\/estructurasllerona.com\/en\/privacy-policy\/","title":{"rendered":"Privacy policy"},"content":{"rendered":"<div style=\"margin: 0px 35px 0px 35px;\">\n<h1>Pol\u00edtica de privacidad<\/h1>\n<p>Denominaci\u00f3n Social: Estructuras Met\u00e1licas Llerona, SL<\/p>\n<p>Nombre Comercial: Estructuras Met\u00e1licas Llerona<\/p>\n<p>Domicilio Social: Pompeu Fabra, 30 L2, 08480, L&#8217;Ametlla del Vall\u00e8s (Barcelona, Espa\u00f1a)<\/p>\n<p>Tel\u00e9fono: (+34) 93 840 76 21<\/p>\n<p>E-Mail: admin@estructurasllerona.com<\/p>\n<p>CIF \/ NIF: B63880496<\/p>\n<p>De conformidad con lo dispuesto en la Ley Org\u00e1nica 15\/1999, de Protecci\u00f3n de Datos de Car\u00e1cter Personal (LOPD) y su normativa de desarrollo, el responsable del sitio web, en cumplimiento de lo dispuesto en el art. 5 y 6 de la LOPD, informa a todos los usuarios del sitio web que faciliten o vayan a facilitar sus datos personales, que estos ser\u00e1n incorporados en un fichero automatizado que se encuentra debidamente inscrito en la Agencia Espa\u00f1ola de Protecci\u00f3n de Datos.<\/p>\n<p>Los usuarios, mediante la marcaci\u00f3n de la casilla, aceptan expresamente y de forma libre e inequ\u00edvoca que sus datos personales sean tratados por parte del prestador para realizar las siguientes finalidades:<\/p>\n<ol>\n<li>Remisi\u00f3n de comunicaciones comerciales publicitarias por e-mail, fax, SMS, MMS, comunidades sociales o cualesquier otro medio electr\u00f3nico o f\u00edsico, presente o futuro, que posibilite realizar comunicaci\u00f3n comerciales. Dichas comunicaciones comerciales ser\u00e1n relacionadas sobre productos o servicios ofrecidos por el prestador, as\u00ed como por parte de los colaboradores o parthners con los que \u00e9ste hubiera alcanzado alg\u00fan acuerdo de promoci\u00f3n comercial entre sus clientes. En este caso, los terceros nunca tendr\u00e1n acceso a los datos personales. En todo caso las comunicaciones comerciales ser\u00e1n realizadas por parte del prestador y ser\u00e1n de productos y servicios relacionados con el sector del prestador.<\/li>\n<li>Realizar estudios estad\u00edsticos.<\/li>\n<li>Tramitar encargos, solicitudes o cualquier tipo de petici\u00f3n que sea realizada por el usuario a trav\u00e9s de cualquiera de las formas de contacto que se ponen a disposici\u00f3n del usuario en el sitio web de la compa\u00f1\u00eda.<\/li>\n<li>Remitir el bolet\u00edn de noticias de la p\u00e1gina web.<\/li>\n<\/ol>\n<p>El prestador informa y garantiza expresamente a los usuarios que sus datos personales no ser\u00e1n cedidos en ning\u00fan caso a terceras compa\u00f1\u00edas, y que siempre que fuera a realizarse alg\u00fan tipo de cesi\u00f3n de datos personales, de forma previa, se solicitar\u00eda el consentimiento expreso, informado, e inequ\u00edvoco por parte de los titulares.<\/p>\n<p>Todos los datos solicitados a trav\u00e9s del sitio web son obligatorios, ya que son necesarios para la prestaci\u00f3n de un servicio \u00f3ptimo al usuario. En caso de que no sean facilitados todos los datos, el prestador no garantiza que la informaci\u00f3n y servicios facilitados sean completamente ajustados a sus necesidades.<\/p>\n<p>El prestador garantiza en todo caso al usuario el ejercicio de los derechos de acceso, rectificaci\u00f3n, cancelaci\u00f3n, informaci\u00f3n y oposici\u00f3n, en los t\u00e9rminos dispuestos en la legislaci\u00f3n vigente. Por ello, de conformidad con lo dispuesto en la Ley Org\u00e1nica 15\/1999, de Protecci\u00f3n de Datos de Car\u00e1cter Personal (LOPD) podr\u00e1 ejercer sus derechos remitiendo una solicitud expresa, junto a una copia de su DNI, a trav\u00e9s del correo electr\u00f3nico admin@estructurasllerona.com<\/p>\n<p>Del mismo modo, el usuario podr\u00e1 darse de baja de cualquiera de los servicios de suscripci\u00f3n facilitados haciendo clic en el apartado darse de baja de todos los correos electr\u00f3nicos remitidos por parte del prestador.<\/p>\n<p>Del mismo modo, el prestador ha adoptado todas las medidas t\u00e9cnicas y de organizaci\u00f3n necesarias para garantizar la seguridad e integridad de los datos de car\u00e1cter personal que trate, as\u00ed como para evitar su p\u00e9rdida, alteraci\u00f3n y\/o acceso por parte de terceros no autorizados.<\/p>\n<h2>Uso de cookies y del fichero de actividad<\/h2>\n<p>En estructurasllerona.com utilizamos cookies para facilitar la relaci\u00f3n de los visitantes con nuestro contenido y para permitir elaborar estad\u00edsticas sobre las visitas y visitantes que recibimos. En cumplimiento de la Directiva 2009\/136\/CE, desarrollada en nuestro ordenamiento por el apartado segundo del art\u00edculo 22 de la Ley de Servicios de Sociedad de la Informaci\u00f3n, siguiendo las directrices de la Agencia Espa\u00f1ola de Protecci\u00f3n de Datos, procedemos a informarle detalladamente del uso que se realiza en nuestra web.<\/p>\n<p>Se denominan cookies a unos peque\u00f1os archivos que se graban en el navegador utilizado por cada visitante de nuestra web para que el servidor pueda recordar la visita de ese usuario con posterioridad cuando vuelva a acceder a nuestros contenidos. Esta informaci\u00f3n no revela su identidad, ni dato personal alguno, ni accede al contenido almacenado en su pc, pero s\u00ed que permite a nuestro sistema identificarle a usted como un usuario determinado que ya visit\u00f3 la web con anterioridad, visualiz\u00f3 determinadas p\u00e1ginas, etc., y adem\u00e1s permite guardar sus preferencias personales e informaci\u00f3n t\u00e9cnica, como, por ejemplo, las visitas realizadas o p\u00e1ginas concretas que visite.<\/p>\n<p>Mediante el uso de las cookies resulta posible que el servidor donde se encuentra la web, reconozca el navegador web utilizado por el usuario con la finalidad de que la navegaci\u00f3n sea m\u00e1s sencilla, permitiendo, por ejemplo, el acceso a los usuarios que se hayan registrado previamente, acceder a las \u00e1reas, servicios, promociones o concursos reservados exclusivamente a ellos sin tener que registrarse en cada visita. Se utilizan tambi\u00e9n para medir la audiencia y par\u00e1metros del tr\u00e1fico, controlar el progreso y n\u00famero de entradas.<\/p>\n<p>Si usted no desea que se guarden cookies en su navegador o prefiere recibir una informaci\u00f3n cada vez que una cookie solicite instalarse, puede configurar sus opciones de navegaci\u00f3n para que se haga de esa forma. La mayor parte de los navegadores permiten la gesti\u00f3n de las cookies de 3 formas diferentes: las cookies son siempre rechazadas, el navegador pregunta si el usuario desea instalar cada cookie, y las cookies son siempre aceptadas.<\/p>\n<p>Su navegador tambi\u00e9n puede incluir la posibilidad de seleccionar con detalle las cookies que desea que se instalen en su ordenador. En concreto, el usuario puede normalmente aceptar alguna de las siguientes opciones: rechazar las cookies de determinados dominios, rechazar las cookies de terceros, aceptar cookies como no persistentes (se eliminan cuando el navegador se cierra), o permitir al servidor crear cookies para un dominio diferente.<\/p>\n<p>Puede encontrar informaci\u00f3n sobre c\u00f3mo configurar los navegadores m\u00e1s usados en las siguientes ubicaciones:<\/p>\n<ul>\n<li><a href=\"https:\/\/support.google.com\/chrome\/answer\/95647?hl=es\" target=\"_blank\" rel=\"noopener noreferrer\">Google Chrome<\/a><\/li>\n<li><a href=\"http:\/\/windows.microsoft.com\/es-es\/windows7\/how-to-manage-cookies-in-internet-explorer-9\" target=\"_blank\" rel=\"noopener noreferrer\">Internet Explorer<\/a><\/li>\n<li><a href=\"https:\/\/support.mozilla.org\/es\/kb\/habilitar-y-deshabilitar-cookies-que-los-sitios-we\" target=\"_blank\" rel=\"noopener noreferrer\">Moxilla Firefox<\/a><\/li>\n<li><a href=\"http:\/\/support.apple.com\/kb\/ph5042\" target=\"_blank\" rel=\"noopener noreferrer\">Apple Safari<\/a><\/li>\n<\/ul>\n<p>Respecto de las cookies de terceros, es decir aquellas que son ajenas a nuestro sitio web, no podemos hacernos responsables del contenido y veracidad de las pol\u00edticas de privacidad que ellos incluyen, por lo que la informaci\u00f3n que le ofrecemos es siempre con referencia a la fuente. En caso de dudas, dir\u00edjase al webmaster del dominio creador de la cookie.<\/p>\n<p>A continuaci\u00f3n le informamos detalladamente de algunas de las cookies que pueden instalarse desde nuestro sitio estructurasllerona.com. En funci\u00f3n de su navegaci\u00f3n podr\u00e1n instalarse todas o s\u00f3lo algunas de ellas.<\/p>\n<table>\n<thead>\n<tr>\n<th>Dominio<\/th>\n<th>Nombre Cookie<\/th>\n<th>Descripci\u00f3n<\/th>\n<th>M\u00e1s informaci\u00f3n<\/th>\n<\/tr>\n<\/thead>\n<tbody>\n<tr>\n<td>estructurasllerona.com<\/td>\n<td>PHPSESSID, viewed_cookie_policy, _icl_current_language_, _ga, _gat<\/td>\n<td>Cookies t\u00e9cnicas y de personalizaci\u00f3n del sitio. Permiten recordar tu interactuaci\u00f3n y as\u00ed facilitar las pr\u00f3ximas visitas. En relaci\u00f3n con Google analytics permiten elaborar estad\u00edsticas de uso del sitio web.<\/td>\n<td><\/td>\n<\/tr>\n<tr>\n<td>google.com<\/td>\n<td>GAPS, HSID, SSID, APISID, PREF, NID, SID, khcookie<\/td>\n<td>Cookies de Google Maps para visualizar ubicaciones geogr\u00e1ficas. Estas cookies son gestionadas enteramente por Google.<\/td>\n<td><a href=\"http:\/\/www.google.com\/policies\/privacy\/\" target=\"_blank\" rel=\"noopener noreferrer\">Pol\u00edtica de privacidad de Google<\/a><\/td>\n<\/tr>\n<\/tbody>\n<\/table>\n<h2>Direcciones IP<\/h2>\n<p>Los servidores del sitio web podr\u00e1n detectar de manera autom\u00e1tica la direcci\u00f3n IP y el nombre de dominio utilizados por el usuario. Una direcci\u00f3n IP es un n\u00famero asignado autom\u00e1ticamente a un ordenador cuando \u00e9sta se conecta a Internet. Toda esta informaci\u00f3n es registrada en un fichero de actividad del servidor debidamente inscrito que permite el posterior procesamiento de los datos con el fin de obtener mediciones \u00fanicamente estad\u00edsticas que permitan conocer el n\u00famero de impresiones de p\u00e1ginas, el n\u00famero de visitas realizadas a los servicios web, el orden de visitas, el punto de acceso, etc.<\/p>\n<h2>Seguridad<\/h2>\n<p>El sitio web utiliza t\u00e9cnicas de seguridad de la informaci\u00f3n generalmente aceptadas en la industria, tales como firewalls, procedimientos de control de acceso y mecanismos criptogr\u00e1ficos, todo ello con el objeto de evitar el acceso no autorizado a los datos. Para lograr estos fines, el usuario\/cliente acepta que el prestador obtenga datos para efectos de la correspondiente autenticaci\u00f3n de los controles de acceso.<\/p>\n<p>Todo proceso de contrataci\u00f3n o que conlleve la introducci\u00f3n de datos personales de car\u00e1cter alto (salud, ideolog\u00eda,\u2026) ser\u00e1n siempre transmitidos mediante protocolo de comunicaci\u00f3n segura (Https:\/\/,\u2026), de tal forma que ning\u00fan tercero tenga acceso a la informaci\u00f3n transmitida v\u00eda electr\u00f3nica.<\/p>\n<\/div>\n","protected":false},"excerpt":{"rendered":"<p>Pol\u00edtica de privacidad Denominaci\u00f3n Social: Estructuras Met\u00e1licas Llerona, SL Nombre Comercial: Estructuras Met\u00e1licas Llerona Domicilio Social: Pompeu Fabra, 30 L2, 08480, L&#8217;Ametlla del Vall\u00e8s (Barcelona, Espa\u00f1a) Tel\u00e9fono: (+34) 93 840 76 21 E-Mail: admin@estructurasllerona.com CIF \/ NIF: B63880496 De conformidad con lo dispuesto en la Ley Org\u00e1nica 15\/1999, de Protecci\u00f3n de Datos de Car\u00e1cter Personal [&hellip;]<\/p>\n","protected":false},"author":1,"featured_media":0,"parent":0,"menu_order":980,"comment_status":"closed","ping_status":"open","template":"","meta":[],"yoast_head":"<!-- This site is optimized with the Yoast SEO plugin v20.9 - https:\/\/yoast.com\/wordpress\/plugins\/seo\/ -->\n<title>Privacy policy - Estructuras Llerona<\/title>\n<meta name=\"description\" content=\"Pol\u00edtica de privacidad Denominaci\u00f3n Social: Estructuras Met\u00e1licas Llerona, SL Nombre Comercial: Estructuras Met\u00e1licas Llerona Domicilio Social: Pompeu Fabra, 30 L2, 08480, L\u2019Ametlla del Vall\u00e8s (Barcelona, Espa\u00f1a) Tel\u00e9fono: (+34) 93 840 76 21 E-Mail: admin@estructurasllerona.com\" \/>\n<meta name=\"robots\" content=\"index, follow, max-snippet:-1, max-image-preview:large, max-video-preview:-1\" \/>\n<link rel=\"canonical\" href=\"https:\/\/estructurasllerona.com\/en\/privacy-policy\/\" \/>\n<meta name=\"twitter:label1\" content=\"Est. reading time\" \/>\n\t<meta name=\"twitter:data1\" content=\"7 minutes\" \/>\n<script type=\"application\/ld+json\" class=\"yoast-schema-graph\">{\"@context\":\"https:\/\/schema.org\",\"@graph\":[{\"@type\":\"WebPage\",\"@id\":\"https:\/\/estructurasllerona.com\/en\/privacy-policy\/\",\"url\":\"https:\/\/estructurasllerona.com\/en\/privacy-policy\/\",\"name\":\"Privacy policy - Estructuras Llerona\",\"isPartOf\":{\"@id\":\"https:\/\/estructurasllerona.com\/#website\"},\"datePublished\":\"2019-04-11T17:07:41+00:00\",\"dateModified\":\"2019-04-11T17:07:41+00:00\",\"description\":\"Pol\u00edtica de privacidad Denominaci\u00f3n Social: Estructuras Met\u00e1licas Llerona, SL Nombre Comercial: Estructuras Met\u00e1licas Llerona Domicilio Social: Pompeu Fabra, 30 L2, 08480, L\u2019Ametlla del Vall\u00e8s (Barcelona, Espa\u00f1a) Tel\u00e9fono: (+34) 93 840 76 21 E-Mail: admin@estructurasllerona.com\",\"breadcrumb\":{\"@id\":\"https:\/\/estructurasllerona.com\/en\/privacy-policy\/#breadcrumb\"},\"inLanguage\":\"en-US\",\"potentialAction\":[{\"@type\":\"ReadAction\",\"target\":[\"https:\/\/estructurasllerona.com\/en\/privacy-policy\/\"]}]},{\"@type\":\"BreadcrumbList\",\"@id\":\"https:\/\/estructurasllerona.com\/en\/privacy-policy\/#breadcrumb\",\"itemListElement\":[{\"@type\":\"ListItem\",\"position\":1,\"name\":\"Portada\",\"item\":\"https:\/\/estructurasllerona.com\/en\/home\/\"},{\"@type\":\"ListItem\",\"position\":2,\"name\":\"Privacy policy\"}]},{\"@type\":\"WebSite\",\"@id\":\"https:\/\/estructurasllerona.com\/#website\",\"url\":\"https:\/\/estructurasllerona.com\/\",\"name\":\"Estructuras Met\u00e1licas Llerona\",\"description\":\"Estructuras met\u00e1licas\",\"potentialAction\":[{\"@type\":\"SearchAction\",\"target\":{\"@type\":\"EntryPoint\",\"urlTemplate\":\"https:\/\/estructurasllerona.com\/?s={search_term_string}\"},\"query-input\":\"required name=search_term_string\"}],\"inLanguage\":\"en-US\"}]}<\/script>\n<!-- \/ Yoast SEO plugin. -->","yoast_head_json":{"title":"Privacy policy - Estructuras Llerona","description":"Pol\u00edtica de privacidad Denominaci\u00f3n Social: Estructuras Met\u00e1licas Llerona, SL Nombre Comercial: Estructuras Met\u00e1licas Llerona Domicilio Social: Pompeu Fabra, 30 L2, 08480, L\u2019Ametlla del Vall\u00e8s (Barcelona, Espa\u00f1a) Tel\u00e9fono: (+34) 93 840 76 21 E-Mail: admin@estructurasllerona.com","robots":{"index":"index","follow":"follow","max-snippet":"max-snippet:-1","max-image-preview":"max-image-preview:large","max-video-preview":"max-video-preview:-1"},"canonical":"https:\/\/estructurasllerona.com\/en\/privacy-policy\/","twitter_misc":{"Est. reading time":"7 minutes"},"schema":{"@context":"https:\/\/schema.org","@graph":[{"@type":"WebPage","@id":"https:\/\/estructurasllerona.com\/en\/privacy-policy\/","url":"https:\/\/estructurasllerona.com\/en\/privacy-policy\/","name":"Privacy policy - Estructuras Llerona","isPartOf":{"@id":"https:\/\/estructurasllerona.com\/#website"},"datePublished":"2019-04-11T17:07:41+00:00","dateModified":"2019-04-11T17:07:41+00:00","description":"Pol\u00edtica de privacidad Denominaci\u00f3n Social: Estructuras Met\u00e1licas Llerona, SL Nombre Comercial: Estructuras Met\u00e1licas Llerona Domicilio Social: Pompeu Fabra, 30 L2, 08480, L\u2019Ametlla del Vall\u00e8s (Barcelona, Espa\u00f1a) Tel\u00e9fono: (+34) 93 840 76 21 E-Mail: admin@estructurasllerona.com","breadcrumb":{"@id":"https:\/\/estructurasllerona.com\/en\/privacy-policy\/#breadcrumb"},"inLanguage":"en-US","potentialAction":[{"@type":"ReadAction","target":["https:\/\/estructurasllerona.com\/en\/privacy-policy\/"]}]},{"@type":"BreadcrumbList","@id":"https:\/\/estructurasllerona.com\/en\/privacy-policy\/#breadcrumb","itemListElement":[{"@type":"ListItem","position":1,"name":"Portada","item":"https:\/\/estructurasllerona.com\/en\/home\/"},{"@type":"ListItem","position":2,"name":"Privacy policy"}]},{"@type":"WebSite","@id":"https:\/\/estructurasllerona.com\/#website","url":"https:\/\/estructurasllerona.com\/","name":"Estructuras Met\u00e1licas Llerona","description":"Estructuras met\u00e1licas","potentialAction":[{"@type":"SearchAction","target":{"@type":"EntryPoint","urlTemplate":"https:\/\/estructurasllerona.com\/?s={search_term_string}"},"query-input":"required name=search_term_string"}],"inLanguage":"en-US"}]}},"_links":{"self":[{"href":"https:\/\/estructurasllerona.com\/en\/wp-json\/wp\/v2\/pages\/834"}],"collection":[{"href":"https:\/\/estructurasllerona.com\/en\/wp-json\/wp\/v2\/pages"}],"about":[{"href":"https:\/\/estructurasllerona.com\/en\/wp-json\/wp\/v2\/types\/page"}],"author":[{"embeddable":true,"href":"https:\/\/estructurasllerona.com\/en\/wp-json\/wp\/v2\/users\/1"}],"replies":[{"embeddable":true,"href":"https:\/\/estructurasllerona.com\/en\/wp-json\/wp\/v2\/comments?post=834"}],"version-history":[{"count":3,"href":"https:\/\/estructurasllerona.com\/en\/wp-json\/wp\/v2\/pages\/834\/revisions"}],"predecessor-version":[{"id":1007,"href":"https:\/\/estructurasllerona.com\/en\/wp-json\/wp\/v2\/pages\/834\/revisions\/1007"}],"wp:attachment":[{"href":"https:\/\/estructurasllerona.com\/en\/wp-json\/wp\/v2\/media?parent=834"}],"curies":[{"name":"wp","href":"https:\/\/api.w.org\/{rel}","templated":true}]}}