{"id":1502,"date":"2019-04-11T19:31:19","date_gmt":"2019-04-11T17:31:19","guid":{"rendered":"https:\/\/estructurasllerona.com\/?page_id=1502"},"modified":"2019-04-15T13:35:35","modified_gmt":"2019-04-15T11:35:35","slug":"entreprise","status":"publish","type":"page","link":"https:\/\/estructurasllerona.com\/fr\/entreprise\/","title":{"rendered":"Entreprise"},"content":{"rendered":"<div  class='flex_column av-av_one_half-2a9015ff38129c418a3f2eafba3e9512 av_one_half  avia-builder-el-0  el_before_av_one_half  avia-builder-el-first  first flex_column_div  '     ><div  class='avia-video av-av_video-129b47d5f87f6792ca1f7bcf918aa890 avia-video-16-9 av-no-preview-image avia-video-load-always av-lazyload-immediate av-lazyload-video-embed'  itemprop=\"video\" itemtype=\"https:\/\/schema.org\/VideoObject\"  data-original_url='https:\/\/www.youtube.com\/watch?v=1jQBUEfSeoQ&amp;index=2&amp;list=PL8INKLxjeDaXL4qWM2oEzd-sMiVGUQebc'><script type='text\/html' class='av-video-tmpl'><div class='avia-iframe-wrap'><iframe width=\"1500\" height=\"844\" src=\"https:\/\/www.youtube.com\/embed\/videoseries?list=PL8INKLxjeDaXL4qWM2oEzd-sMiVGUQebc&autoplay=0&loop=0&controls=1&mute=0\" frameborder=\"0\" allow=\"accelerometer; autoplay; encrypted-media; gyroscope; picture-in-picture\" allowfullscreen><\/iframe><\/div><\/script><div class='av-click-to-play-overlay'><div class=\"avia_playpause_icon\"><\/div><\/div><\/div><\/div>\n\n<style type=\"text\/css\" data-created_by=\"avia_inline_auto\" id=\"style-css-av-av_one_half-c8fc129dc35fd1ae2a1e410224d39ea8\">\n.flex_column.av-av_one_half-c8fc129dc35fd1ae2a1e410224d39ea8{\n-webkit-border-radius:0px 0px 0px 0px;\n-moz-border-radius:0px 0px 0px 0px;\nborder-radius:0px 0px 0px 0px;\npadding:0px 0px 0px 0px;\n}\n<\/style>\n<div  class='flex_column av-av_one_half-c8fc129dc35fd1ae2a1e410224d39ea8 av_one_half  avia-builder-el-2  el_after_av_one_half  el_before_av_one_half  flex_column_div av-zero-column-padding  '     ><p>\n<style type=\"text\/css\" data-created_by=\"avia_inline_auto\" id=\"style-css-av-av_heading-ed00f3a81263ce8764cd411ba21bd448\">\n#top .av-special-heading.av-av_heading-ed00f3a81263ce8764cd411ba21bd448{\npadding-bottom:10px;\n}\nbody .av-special-heading.av-av_heading-ed00f3a81263ce8764cd411ba21bd448 .av-special-heading-tag .heading-char{\nfont-size:25px;\n}\n.av-special-heading.av-av_heading-ed00f3a81263ce8764cd411ba21bd448 .av-subheading{\nfont-size:15px;\n}\n<\/style>\n<div  class='av-special-heading av-av_heading-ed00f3a81263ce8764cd411ba21bd448 av-special-heading-h1  avia-builder-el-3  el_before_av_textblock  avia-builder-el-first '><h1 class='av-special-heading-tag'  itemprop=\"headline\"  >Notre entreprise<\/h1><div class=\"special-heading-border\"><div class=\"special-heading-inner-border\"><\/div><\/div><\/div><br \/>\n<section  class='av_textblock_section av-av_textblock-2de302bf1aa3cf4c9157dbe6f50ac7eb '   itemscope=\"itemscope\" itemtype=\"https:\/\/schema.org\/CreativeWork\" ><div class='avia_textblock'  itemprop=\"text\" ><p>Estructuras Met\u00e1licas Llerona SL est une entreprise sp\u00e9cialis\u00e9e dans la fabrication et l&rsquo;assemblage de structures m\u00e9talliques, ainsi que dans tous les \u00e9l\u00e9ments de serrurerie n\u00e9cessaires \u00e0 la construction.<\/p>\n<p>Estructuras Met\u00e1licas Llerona SL a \u00e9t\u00e9 fond\u00e9e en 2005 et compte des professionnels poss\u00e9dant une vaste exp\u00e9rience et une formation dans le secteur. Nous avons travaill\u00e9 pour des secteurs strat\u00e9giques de l\u2019\u00e9conomie tels que le rail, les ports et les a\u00e9roports, les transports, etc.<\/p>\n<\/div><\/section><\/p><\/div><div  class='flex_column av-av_one_half-2a9015ff38129c418a3f2eafba3e9512 av_one_half  avia-builder-el-5  el_after_av_one_half  el_before_av_one_half  first flex_column_div  column-top-margin'     ><p><section  class='av_textblock_section av-av_textblock-2de302bf1aa3cf4c9157dbe6f50ac7eb '   itemscope=\"itemscope\" itemtype=\"https:\/\/schema.org\/CreativeWork\" ><div class='avia_textblock'  itemprop=\"text\" ><p>Estructuras Met\u00e1licas Llerona SL est une entreprise situ\u00e9e aux Franqueses del Vall\u00e8s (Barcelone), dont l&rsquo;activit\u00e9 est non seulement souscrite en Espagne, mais qui a \u00e9galement franchi les fronti\u00e8res en travaillant \u00e0 Caracas (Venezuela), \u00e0 Montpellier (France) et \u00e0 Berlin (Allemagne). Nous menons actuellement un processus d&rsquo;internationalisation \u00e0 travers lequel nous avons une d\u00e9l\u00e9gation \u00e0 Lima (P\u00e9rou).<\/p>\n<p>Estructuras M\u00e9talicas Llerona SL dispose d&rsquo;installations ad\u00e9quates pour son processus de production et son syst\u00e8me int\u00e9gr\u00e9 de qualit\u00e9 et de s\u00e9curit\u00e9 du travail est certifi\u00e9 selon les normes ISO 9001 et OHSAS 18001, conscient du fait que l&rsquo;am\u00e9lioration continue et la poursuite de l&rsquo;excellence sont essentielles pour nos clients et notre produit.<\/p>\n<p>De plus, nous avons le certificat de marquage CE pour nos structures, ce qui donne \u00e0 nos clients une plus grande garantie de la qualit\u00e9 du produit final.<\/p>\n<\/div><\/section><br \/>\n\n<style type=\"text\/css\" data-created_by=\"avia_inline_auto\" id=\"style-css-av-av_hr-5ea7596238ed9f191e6b5e662093052f\">\n#top .hr.hr-invisible.av-av_hr-5ea7596238ed9f191e6b5e662093052f{\nheight:30px;\n}\n<\/style>\n<div  class='hr av-av_hr-5ea7596238ed9f191e6b5e662093052f hr-invisible  avia-builder-el-7  el_after_av_textblock  el_before_av_button '><span class='hr-inner '><span class=\"hr-inner-style\"><\/span><\/span><\/div><br \/>\n<div  class='avia-button-wrap av-av_button-e022ebe04b07983b1d0dfe692c1c8278-wrap avia-button-center  avia-builder-el-8  el_after_av_hr  avia-builder-el-last '><a href='https:\/\/estructurasllerona.com\/fr\/engagements\/'  class='avia-button av-av_button-e022ebe04b07983b1d0dfe692c1c8278 avia-icon_select-no avia-size-large avia-position-center avia-color-theme-color'  ><span class='avia_iconbox_title' >Politique de qualit\u00e9<\/span><\/a><\/div><\/p><\/div><\/p>\n\n<style type=\"text\/css\" data-created_by=\"avia_inline_auto\" id=\"style-css-av-av_one_half-c8fc129dc35fd1ae2a1e410224d39ea8\">\n.flex_column.av-av_one_half-c8fc129dc35fd1ae2a1e410224d39ea8{\n-webkit-border-radius:0px 0px 0px 0px;\n-moz-border-radius:0px 0px 0px 0px;\nborder-radius:0px 0px 0px 0px;\npadding:0px 0px 0px 0px;\n}\n<\/style>\n<div  class='flex_column av-av_one_half-c8fc129dc35fd1ae2a1e410224d39ea8 av_one_half  avia-builder-el-9  el_after_av_one_half  avia-builder-el-last  flex_column_div av-zero-column-padding  column-top-margin'     ><style type=\"text\/css\" data-created_by=\"avia_inline_auto\" id=\"style-css-av-av_image-5451ebd85feba2de163a6ebe6c4b2334\">\n.avia-image-container.av-av_image-5451ebd85feba2de163a6ebe6c4b2334 img.avia_image{\nbox-shadow:none;\n}\n.avia-image-container.av-av_image-5451ebd85feba2de163a6ebe6c4b2334 .av-image-caption-overlay-center{\ncolor:#ffffff;\n}\n<\/style>\n<div  class='avia-image-container av-av_image-5451ebd85feba2de163a6ebe6c4b2334 av-styling- avia-align-center  avia-builder-el-10  avia-builder-el-no-sibling '   itemprop=\"image\" itemscope=\"itemscope\" itemtype=\"https:\/\/schema.org\/ImageObject\" ><div class=\"avia-image-container-inner\"><div class=\"avia-image-overlay-wrap\"><img decoding=\"async\" class='wp-image-1541 avia-img-lazy-loading-not-1541 avia_image ' src=\"https:\/\/estructurasllerona.com\/wp-content\/uploads\/2015\/11\/map-llerona.png\" alt='' title=''  height=\"307\" width=\"600\"  itemprop=\"thumbnailUrl\" srcset=\"https:\/\/estructurasllerona.com\/wp-content\/uploads\/2015\/11\/map-llerona.png 600w, https:\/\/estructurasllerona.com\/wp-content\/uploads\/2015\/11\/map-llerona-300x154.png 300w, https:\/\/estructurasllerona.com\/wp-content\/uploads\/2015\/11\/map-llerona-450x230.png 450w\" sizes=\"(max-width: 600px) 100vw, 600px\" \/><\/div><\/div><\/div><\/div>\n","protected":false},"excerpt":{"rendered":"","protected":false},"author":1,"featured_media":0,"parent":0,"menu_order":40,"comment_status":"closed","ping_status":"closed","template":"","meta":[],"yoast_head":"<!-- This site is optimized with the Yoast SEO plugin v20.9 - https:\/\/yoast.com\/wordpress\/plugins\/seo\/ -->\n<title>Entreprise - Estructuras Llerona<\/title>\n<meta name=\"description\" content=\"Estructuras Met\u00e1licas Llerona SL est une entreprise sp\u00e9cialis\u00e9e dans la fabrication et l\u2019assemblage de structures m\u00e9talliques, ainsi que dans tous les \u00e9l\u00e9ments de serrurerie n\u00e9cessaires \u00e0 la construction.\" \/>\n<meta name=\"robots\" content=\"index, follow, max-snippet:-1, max-image-preview:large, max-video-preview:-1\" \/>\n<link rel=\"canonical\" href=\"https:\/\/estructurasllerona.com\/fr\/entreprise\/\" \/>\n<meta name=\"twitter:label1\" content=\"Dur\u00e9e de lecture estim\u00e9e\" \/>\n\t<meta name=\"twitter:data1\" content=\"3 minutes\" \/>\n<script type=\"application\/ld+json\" class=\"yoast-schema-graph\">{\"@context\":\"https:\/\/schema.org\",\"@graph\":[{\"@type\":\"WebPage\",\"@id\":\"https:\/\/estructurasllerona.com\/fr\/entreprise\/\",\"url\":\"https:\/\/estructurasllerona.com\/fr\/entreprise\/\",\"name\":\"Entreprise - Estructuras Llerona\",\"isPartOf\":{\"@id\":\"https:\/\/estructurasllerona.com\/#website\"},\"datePublished\":\"2019-04-11T17:31:19+00:00\",\"dateModified\":\"2019-04-15T11:35:35+00:00\",\"description\":\"Estructuras Met\u00e1licas Llerona SL est une entreprise sp\u00e9cialis\u00e9e dans la fabrication et l\u2019assemblage de structures m\u00e9talliques, ainsi que dans tous les \u00e9l\u00e9ments de serrurerie n\u00e9cessaires \u00e0 la construction.\",\"breadcrumb\":{\"@id\":\"https:\/\/estructurasllerona.com\/fr\/entreprise\/#breadcrumb\"},\"inLanguage\":\"fr-FR\",\"potentialAction\":[{\"@type\":\"ReadAction\",\"target\":[\"https:\/\/estructurasllerona.com\/fr\/entreprise\/\"]}]},{\"@type\":\"BreadcrumbList\",\"@id\":\"https:\/\/estructurasllerona.com\/fr\/entreprise\/#breadcrumb\",\"itemListElement\":[{\"@type\":\"ListItem\",\"position\":1,\"name\":\"Portada\",\"item\":\"https:\/\/estructurasllerona.com\/fr\/accueil-2\/\"},{\"@type\":\"ListItem\",\"position\":2,\"name\":\"Entreprise\"}]},{\"@type\":\"WebSite\",\"@id\":\"https:\/\/estructurasllerona.com\/#website\",\"url\":\"https:\/\/estructurasllerona.com\/\",\"name\":\"Estructuras Met\u00e1licas Llerona\",\"description\":\"Estructuras met\u00e1licas\",\"potentialAction\":[{\"@type\":\"SearchAction\",\"target\":{\"@type\":\"EntryPoint\",\"urlTemplate\":\"https:\/\/estructurasllerona.com\/?s={search_term_string}\"},\"query-input\":\"required name=search_term_string\"}],\"inLanguage\":\"fr-FR\"}]}<\/script>\n<!-- \/ Yoast SEO plugin. -->","yoast_head_json":{"title":"Entreprise - Estructuras Llerona","description":"Estructuras Met\u00e1licas Llerona SL est une entreprise sp\u00e9cialis\u00e9e dans la fabrication et l\u2019assemblage de structures m\u00e9talliques, ainsi que dans tous les \u00e9l\u00e9ments de serrurerie n\u00e9cessaires \u00e0 la construction.","robots":{"index":"index","follow":"follow","max-snippet":"max-snippet:-1","max-image-preview":"max-image-preview:large","max-video-preview":"max-video-preview:-1"},"canonical":"https:\/\/estructurasllerona.com\/fr\/entreprise\/","twitter_misc":{"Dur\u00e9e de lecture estim\u00e9e":"3 minutes"},"schema":{"@context":"https:\/\/schema.org","@graph":[{"@type":"WebPage","@id":"https:\/\/estructurasllerona.com\/fr\/entreprise\/","url":"https:\/\/estructurasllerona.com\/fr\/entreprise\/","name":"Entreprise - Estructuras Llerona","isPartOf":{"@id":"https:\/\/estructurasllerona.com\/#website"},"datePublished":"2019-04-11T17:31:19+00:00","dateModified":"2019-04-15T11:35:35+00:00","description":"Estructuras Met\u00e1licas Llerona SL est une entreprise sp\u00e9cialis\u00e9e dans la fabrication et l\u2019assemblage de structures m\u00e9talliques, ainsi que dans tous les \u00e9l\u00e9ments de serrurerie n\u00e9cessaires \u00e0 la construction.","breadcrumb":{"@id":"https:\/\/estructurasllerona.com\/fr\/entreprise\/#breadcrumb"},"inLanguage":"fr-FR","potentialAction":[{"@type":"ReadAction","target":["https:\/\/estructurasllerona.com\/fr\/entreprise\/"]}]},{"@type":"BreadcrumbList","@id":"https:\/\/estructurasllerona.com\/fr\/entreprise\/#breadcrumb","itemListElement":[{"@type":"ListItem","position":1,"name":"Portada","item":"https:\/\/estructurasllerona.com\/fr\/accueil-2\/"},{"@type":"ListItem","position":2,"name":"Entreprise"}]},{"@type":"WebSite","@id":"https:\/\/estructurasllerona.com\/#website","url":"https:\/\/estructurasllerona.com\/","name":"Estructuras Met\u00e1licas Llerona","description":"Estructuras met\u00e1licas","potentialAction":[{"@type":"SearchAction","target":{"@type":"EntryPoint","urlTemplate":"https:\/\/estructurasllerona.com\/?s={search_term_string}"},"query-input":"required name=search_term_string"}],"inLanguage":"fr-FR"}]}},"_links":{"self":[{"href":"https:\/\/estructurasllerona.com\/fr\/wp-json\/wp\/v2\/pages\/1502"}],"collection":[{"href":"https:\/\/estructurasllerona.com\/fr\/wp-json\/wp\/v2\/pages"}],"about":[{"href":"https:\/\/estructurasllerona.com\/fr\/wp-json\/wp\/v2\/types\/page"}],"author":[{"embeddable":true,"href":"https:\/\/estructurasllerona.com\/fr\/wp-json\/wp\/v2\/users\/1"}],"replies":[{"embeddable":true,"href":"https:\/\/estructurasllerona.com\/fr\/wp-json\/wp\/v2\/comments?post=1502"}],"version-history":[{"count":5,"href":"https:\/\/estructurasllerona.com\/fr\/wp-json\/wp\/v2\/pages\/1502\/revisions"}],"predecessor-version":[{"id":2233,"href":"https:\/\/estructurasllerona.com\/fr\/wp-json\/wp\/v2\/pages\/1502\/revisions\/2233"}],"wp:attachment":[{"href":"https:\/\/estructurasllerona.com\/fr\/wp-json\/wp\/v2\/media?parent=1502"}],"curies":[{"name":"wp","href":"https:\/\/api.w.org\/{rel}","templated":true}]}}