{"id":1505,"date":"2019-04-11T19:32:18","date_gmt":"2019-04-11T17:32:18","guid":{"rendered":"https:\/\/estructurasllerona.com\/?page_id=1505"},"modified":"2019-04-15T12:12:30","modified_gmt":"2019-04-15T10:12:30","slug":"projets","status":"publish","type":"page","link":"https:\/\/estructurasllerona.com\/fr\/projets\/","title":{"rendered":"Projets"},"content":{"rendered":"\n<style type=\"text\/css\" data-created_by=\"avia_inline_auto\" id=\"style-css-av-av_heading-adeaaa8bcb969a17b4815f6bde4f1300\">\n#top .av-special-heading.av-av_heading-adeaaa8bcb969a17b4815f6bde4f1300{\npadding-bottom:10px;\n}\nbody .av-special-heading.av-av_heading-adeaaa8bcb969a17b4815f6bde4f1300 .av-special-heading-tag .heading-char{\nfont-size:25px;\n}\n.av-special-heading.av-av_heading-adeaaa8bcb969a17b4815f6bde4f1300 .av-subheading{\nfont-size:15px;\n}\n<\/style>\n<div  class='av-special-heading av-av_heading-adeaaa8bcb969a17b4815f6bde4f1300 av-special-heading-h1  avia-builder-el-0  el_before_av_hr  avia-builder-el-first '><h1 class='av-special-heading-tag'  itemprop=\"headline\"  >Portefeuille de Projet<\/h1><div class=\"special-heading-border\"><div class=\"special-heading-inner-border\"><\/div><\/div><\/div>\n\n<style type=\"text\/css\" data-created_by=\"avia_inline_auto\" id=\"style-css-av-av_hr-a07f7596b1fca85f6595a75d593069df\">\n#top .hr.hr-invisible.av-av_hr-a07f7596b1fca85f6595a75d593069df{\nheight:40px;\n}\n<\/style>\n<div  class='hr av-av_hr-a07f7596b1fca85f6595a75d593069df hr-invisible  avia-builder-el-1  el_after_av_heading  el_before_av_one_third '><span class='hr-inner '><span class=\"hr-inner-style\"><\/span><\/span><\/div>\n<div  class='flex_column av-av_one_third-2a9015ff38129c418a3f2eafba3e9512 av_one_third  avia-builder-el-2  el_after_av_hr  el_before_av_one_third  first flex_column_div  '     ><p>\n<style type=\"text\/css\" data-created_by=\"avia_inline_auto\" id=\"style-css-av-av_image-14e38e7253b08e9dbd16e96de1d307d0\">\n.avia-image-container.av-av_image-14e38e7253b08e9dbd16e96de1d307d0 img.avia_image{\nbox-shadow:none;\n}\n.avia-image-container.av-av_image-14e38e7253b08e9dbd16e96de1d307d0 .av-image-caption-overlay-center{\ncolor:#ffffff;\n}\n<\/style>\n<div  class='avia-image-container av-av_image-14e38e7253b08e9dbd16e96de1d307d0 av-styling- avia-align-center  avia-builder-el-3  el_before_av_hr  avia-builder-el-first '   itemprop=\"image\" itemscope=\"itemscope\" itemtype=\"https:\/\/schema.org\/ImageObject\" ><div class=\"avia-image-container-inner\"><div class=\"avia-image-overlay-wrap\"><a href=\"https:\/\/estructurasllerona.com\/fr\/estructuras\/\" class='avia_image' ><img decoding=\"async\" class='wp-image-1555 avia-img-lazy-loading-not-1555 avia_image ' src=\"https:\/\/estructurasllerona.com\/wp-content\/uploads\/2015\/11\/estructuras01.jpg\" alt='' title=''  height=\"300\" width=\"300\"  itemprop=\"thumbnailUrl\" srcset=\"https:\/\/estructurasllerona.com\/wp-content\/uploads\/2015\/11\/estructuras01.jpg 300w, https:\/\/estructurasllerona.com\/wp-content\/uploads\/2015\/11\/estructuras01-80x80.jpg 80w, https:\/\/estructurasllerona.com\/wp-content\/uploads\/2015\/11\/estructuras01-36x36.jpg 36w, https:\/\/estructurasllerona.com\/wp-content\/uploads\/2015\/11\/estructuras01-180x180.jpg 180w, https:\/\/estructurasllerona.com\/wp-content\/uploads\/2015\/11\/estructuras01-120x120.jpg 120w\" sizes=\"(max-width: 300px) 100vw, 300px\" \/><\/a><\/div><\/div><\/div><br \/>\n\n<style type=\"text\/css\" data-created_by=\"avia_inline_auto\" id=\"style-css-av-av_hr-ee2847e2e025ce3d30801259a03f9fd4\">\n#top .hr.hr-invisible.av-av_hr-ee2847e2e025ce3d30801259a03f9fd4{\nheight:10px;\n}\n<\/style>\n<div  class='hr av-av_hr-ee2847e2e025ce3d30801259a03f9fd4 hr-invisible  avia-builder-el-4  el_after_av_image  el_before_av_codeblock '><span class='hr-inner '><span class=\"hr-inner-style\"><\/span><\/span><\/div><br \/>\n<br \/>\n<section  class='av_textblock_section av-av_textblock-2de302bf1aa3cf4c9157dbe6f50ac7eb '   itemscope=\"itemscope\" itemtype=\"https:\/\/schema.org\/CreativeWork\" ><div class='avia_textblock'  itemprop=\"text\" ><p style=\"text-align: center;\">Nous r\u00e9alisons une \u00e9tude exhaustive de chaque projet, en obtenant les param\u00e8tres cl\u00e9s pour pouvoir offrir les meilleurs processus de construction.<\/p>\n<p style=\"text-align: center;\">Nos structures ont le marquage CE selon la norme UNE 1090-2.<\/p>\n<\/div><\/section><\/p><\/div>\n<style type=\"text\/css\" data-created_by=\"avia_inline_auto\" id=\"style-css-av-av_one_third-c8fc129dc35fd1ae2a1e410224d39ea8\">\n.flex_column.av-av_one_third-c8fc129dc35fd1ae2a1e410224d39ea8{\n-webkit-border-radius:0px 0px 0px 0px;\n-moz-border-radius:0px 0px 0px 0px;\nborder-radius:0px 0px 0px 0px;\npadding:0px 0px 0px 0px;\n}\n<\/style>\n<div  class='flex_column av-av_one_third-c8fc129dc35fd1ae2a1e410224d39ea8 av_one_third  avia-builder-el-7  el_after_av_one_third  el_before_av_one_third  flex_column_div av-zero-column-padding  '     ><p>\n<style type=\"text\/css\" data-created_by=\"avia_inline_auto\" id=\"style-css-av-av_image-992cc95fcd3ae24ea207fc36bbc88ad2\">\n.avia-image-container.av-av_image-992cc95fcd3ae24ea207fc36bbc88ad2 img.avia_image{\nbox-shadow:none;\n}\n.avia-image-container.av-av_image-992cc95fcd3ae24ea207fc36bbc88ad2 .av-image-caption-overlay-center{\ncolor:#ffffff;\n}\n<\/style>\n<div  class='avia-image-container av-av_image-992cc95fcd3ae24ea207fc36bbc88ad2 av-styling- avia-align-center  avia-builder-el-8  el_before_av_hr  avia-builder-el-first '   itemprop=\"image\" itemscope=\"itemscope\" itemtype=\"https:\/\/schema.org\/ImageObject\" ><div class=\"avia-image-container-inner\"><div class=\"avia-image-overlay-wrap\"><a href=\"https:\/\/estructurasllerona.com\/fr\/cerrajeria\/\" class='avia_image' ><img decoding=\"async\" class='wp-image-1553 avia-img-lazy-loading-not-1553 avia_image ' src=\"https:\/\/estructurasllerona.com\/wp-content\/uploads\/2015\/11\/cerrajeria-300x300.jpg\" alt='' title=''  height=\"300\" width=\"300\"  itemprop=\"thumbnailUrl\" srcset=\"https:\/\/estructurasllerona.com\/wp-content\/uploads\/2015\/11\/cerrajeria-300x300.jpg 300w, https:\/\/estructurasllerona.com\/wp-content\/uploads\/2015\/11\/cerrajeria-80x80.jpg 80w, https:\/\/estructurasllerona.com\/wp-content\/uploads\/2015\/11\/cerrajeria-36x36.jpg 36w, https:\/\/estructurasllerona.com\/wp-content\/uploads\/2015\/11\/cerrajeria-180x180.jpg 180w, https:\/\/estructurasllerona.com\/wp-content\/uploads\/2015\/11\/cerrajeria-120x120.jpg 120w, https:\/\/estructurasllerona.com\/wp-content\/uploads\/2015\/11\/cerrajeria-450x450.jpg 450w, https:\/\/estructurasllerona.com\/wp-content\/uploads\/2015\/11\/cerrajeria.jpg 500w\" sizes=\"(max-width: 300px) 100vw, 300px\" \/><\/a><\/div><\/div><\/div><br \/>\n\n<style type=\"text\/css\" data-created_by=\"avia_inline_auto\" id=\"style-css-av-av_hr-ee2847e2e025ce3d30801259a03f9fd4\">\n#top .hr.hr-invisible.av-av_hr-ee2847e2e025ce3d30801259a03f9fd4{\nheight:10px;\n}\n<\/style>\n<div  class='hr av-av_hr-ee2847e2e025ce3d30801259a03f9fd4 hr-invisible  avia-builder-el-9  el_after_av_image  el_before_av_codeblock '><span class='hr-inner '><span class=\"hr-inner-style\"><\/span><\/span><\/div><br \/>\n<br \/>\n<section  class='av_textblock_section av-av_textblock-2de302bf1aa3cf4c9157dbe6f50ac7eb '   itemscope=\"itemscope\" itemtype=\"https:\/\/schema.org\/CreativeWork\" ><div class='avia_textblock'  itemprop=\"text\" ><p style=\"text-align: center;\">Nous garantissons la plus haute qualit\u00e9 de nos produits gr\u00e2ce \u00e0 des syst\u00e8mes de production normalis\u00e9s conformes aux normes ISO 9001 et OSHAS 18.001.<\/p>\n<\/div><\/section><\/p><\/div>\n<style type=\"text\/css\" data-created_by=\"avia_inline_auto\" id=\"style-css-av-av_one_third-c8fc129dc35fd1ae2a1e410224d39ea8\">\n.flex_column.av-av_one_third-c8fc129dc35fd1ae2a1e410224d39ea8{\n-webkit-border-radius:0px 0px 0px 0px;\n-moz-border-radius:0px 0px 0px 0px;\nborder-radius:0px 0px 0px 0px;\npadding:0px 0px 0px 0px;\n}\n<\/style>\n<div  class='flex_column av-av_one_third-c8fc129dc35fd1ae2a1e410224d39ea8 av_one_third  avia-builder-el-12  el_after_av_one_third  el_before_av_one_third  flex_column_div av-zero-column-padding  '     ><p>\n<style type=\"text\/css\" data-created_by=\"avia_inline_auto\" id=\"style-css-av-av_image-bff77ceca610cedc38a48e649cde1a40\">\n.avia-image-container.av-av_image-bff77ceca610cedc38a48e649cde1a40 img.avia_image{\nbox-shadow:none;\n}\n.avia-image-container.av-av_image-bff77ceca610cedc38a48e649cde1a40 .av-image-caption-overlay-center{\ncolor:#ffffff;\n}\n<\/style>\n<div  class='avia-image-container av-av_image-bff77ceca610cedc38a48e649cde1a40 av-styling- avia-align-center  avia-builder-el-13  el_before_av_hr  avia-builder-el-first '   itemprop=\"image\" itemscope=\"itemscope\" itemtype=\"https:\/\/schema.org\/ImageObject\" ><div class=\"avia-image-container-inner\"><div class=\"avia-image-overlay-wrap\"><a href=\"https:\/\/estructurasllerona.com\/fr\/pasarelas\/\" class='avia_image' ><img decoding=\"async\" class='wp-image-1556 avia-img-lazy-loading-not-1556 avia_image ' src=\"https:\/\/estructurasllerona.com\/wp-content\/uploads\/2015\/11\/Pasarelas01.jpg\" alt='' title=''  height=\"300\" width=\"300\"  itemprop=\"thumbnailUrl\" srcset=\"https:\/\/estructurasllerona.com\/wp-content\/uploads\/2015\/11\/Pasarelas01.jpg 300w, https:\/\/estructurasllerona.com\/wp-content\/uploads\/2015\/11\/Pasarelas01-80x80.jpg 80w, https:\/\/estructurasllerona.com\/wp-content\/uploads\/2015\/11\/Pasarelas01-36x36.jpg 36w, https:\/\/estructurasllerona.com\/wp-content\/uploads\/2015\/11\/Pasarelas01-180x180.jpg 180w, https:\/\/estructurasllerona.com\/wp-content\/uploads\/2015\/11\/Pasarelas01-120x120.jpg 120w\" sizes=\"(max-width: 300px) 100vw, 300px\" \/><\/a><\/div><\/div><\/div><br \/>\n\n<style type=\"text\/css\" data-created_by=\"avia_inline_auto\" id=\"style-css-av-av_hr-ee2847e2e025ce3d30801259a03f9fd4\">\n#top .hr.hr-invisible.av-av_hr-ee2847e2e025ce3d30801259a03f9fd4{\nheight:10px;\n}\n<\/style>\n<div  class='hr av-av_hr-ee2847e2e025ce3d30801259a03f9fd4 hr-invisible  avia-builder-el-14  el_after_av_image  el_before_av_codeblock '><span class='hr-inner '><span class=\"hr-inner-style\"><\/span><\/span><\/div><br \/>\n<br \/>\n<section  class='av_textblock_section av-av_textblock-2de302bf1aa3cf4c9157dbe6f50ac7eb '   itemscope=\"itemscope\" itemtype=\"https:\/\/schema.org\/CreativeWork\" ><div class='avia_textblock'  itemprop=\"text\" ><p style=\"text-align: center;\">Nous offrons la possibilit\u00e9 de transformer des assemblages soud\u00e9s, par assemblages m\u00e9canis\u00e9s en atelier et boulonn\u00e9s sur site.<\/p>\n<\/div><\/section><\/p><\/div><div  class='flex_column av-av_one_third-2a9015ff38129c418a3f2eafba3e9512 av_one_third  avia-builder-el-17  el_after_av_one_third  el_before_av_one_third  first flex_column_div  column-top-margin'     ><p>\n<style type=\"text\/css\" data-created_by=\"avia_inline_auto\" id=\"style-css-av-av_image-8944fff9be00e6f9f4bb86ccb2e60d47\">\n.avia-image-container.av-av_image-8944fff9be00e6f9f4bb86ccb2e60d47 img.avia_image{\nbox-shadow:none;\n}\n.avia-image-container.av-av_image-8944fff9be00e6f9f4bb86ccb2e60d47 .av-image-caption-overlay-center{\ncolor:#ffffff;\n}\n<\/style>\n<div  class='avia-image-container av-av_image-8944fff9be00e6f9f4bb86ccb2e60d47 av-styling- avia-align-center  avia-builder-el-18  el_before_av_hr  avia-builder-el-first '   itemprop=\"image\" itemscope=\"itemscope\" itemtype=\"https:\/\/schema.org\/ImageObject\" ><div class=\"avia-image-container-inner\"><div class=\"avia-image-overlay-wrap\"><a href=\"https:\/\/estructurasllerona.com\/fr\/escaleras\/\" class='avia_image' ><img decoding=\"async\" class='wp-image-1557 avia-img-lazy-loading-not-1557 avia_image ' src=\"https:\/\/estructurasllerona.com\/wp-content\/uploads\/2015\/11\/escaleras02.jpg\" alt='' title=''  height=\"300\" width=\"300\"  itemprop=\"thumbnailUrl\" srcset=\"https:\/\/estructurasllerona.com\/wp-content\/uploads\/2015\/11\/escaleras02.jpg 300w, https:\/\/estructurasllerona.com\/wp-content\/uploads\/2015\/11\/escaleras02-80x80.jpg 80w, https:\/\/estructurasllerona.com\/wp-content\/uploads\/2015\/11\/escaleras02-36x36.jpg 36w, https:\/\/estructurasllerona.com\/wp-content\/uploads\/2015\/11\/escaleras02-180x180.jpg 180w, https:\/\/estructurasllerona.com\/wp-content\/uploads\/2015\/11\/escaleras02-120x120.jpg 120w\" sizes=\"(max-width: 300px) 100vw, 300px\" \/><\/a><\/div><\/div><\/div><br \/>\n\n<style type=\"text\/css\" data-created_by=\"avia_inline_auto\" id=\"style-css-av-av_hr-ee2847e2e025ce3d30801259a03f9fd4\">\n#top .hr.hr-invisible.av-av_hr-ee2847e2e025ce3d30801259a03f9fd4{\nheight:10px;\n}\n<\/style>\n<div  class='hr av-av_hr-ee2847e2e025ce3d30801259a03f9fd4 hr-invisible  avia-builder-el-19  el_after_av_image  el_before_av_codeblock '><span class='hr-inner '><span class=\"hr-inner-style\"><\/span><\/span><\/div><br \/>\n<br \/>\n<section  class='av_textblock_section av-av_textblock-2de302bf1aa3cf4c9157dbe6f50ac7eb '   itemscope=\"itemscope\" itemtype=\"https:\/\/schema.org\/CreativeWork\" ><div class='avia_textblock'  itemprop=\"text\" ><p style=\"text-align: center;\">Nous r\u00e9alisons une \u00e9tude exhaustive de chaque projet, en obtenant les param\u00e8tres cl\u00e9s pour pouvoir offrir les meilleurs processus de construction.<\/p>\n<\/div><\/section><\/p><\/div><\/p>\n\n<style type=\"text\/css\" data-created_by=\"avia_inline_auto\" id=\"style-css-av-av_one_third-c8fc129dc35fd1ae2a1e410224d39ea8\">\n.flex_column.av-av_one_third-c8fc129dc35fd1ae2a1e410224d39ea8{\n-webkit-border-radius:0px 0px 0px 0px;\n-moz-border-radius:0px 0px 0px 0px;\nborder-radius:0px 0px 0px 0px;\npadding:0px 0px 0px 0px;\n}\n<\/style>\n<div  class='flex_column av-av_one_third-c8fc129dc35fd1ae2a1e410224d39ea8 av_one_third  avia-builder-el-22  el_after_av_one_third  el_before_av_one_third  flex_column_div av-zero-column-padding  column-top-margin'     ><p>\n<style type=\"text\/css\" data-created_by=\"avia_inline_auto\" id=\"style-css-av-av_image-bf17850f28cf030da2b3fac1d3882a95\">\n.avia-image-container.av-av_image-bf17850f28cf030da2b3fac1d3882a95 img.avia_image{\nbox-shadow:none;\n}\n.avia-image-container.av-av_image-bf17850f28cf030da2b3fac1d3882a95 .av-image-caption-overlay-center{\ncolor:#ffffff;\n}\n<\/style>\n<div  class='avia-image-container av-av_image-bf17850f28cf030da2b3fac1d3882a95 av-styling- avia-align-center  avia-builder-el-23  el_before_av_hr  avia-builder-el-first '   itemprop=\"image\" itemscope=\"itemscope\" itemtype=\"https:\/\/schema.org\/ImageObject\" ><div class=\"avia-image-container-inner\"><div class=\"avia-image-overlay-wrap\"><a href=\"https:\/\/estructurasllerona.com\/fr\/rehabilitaciones\/\" class='avia_image' ><img decoding=\"async\" class='wp-image-1552 avia-img-lazy-loading-not-1552 avia_image ' src=\"https:\/\/estructurasllerona.com\/wp-content\/uploads\/2015\/11\/rehabilitaciones-300x300.jpg\" alt='' title=''  height=\"300\" width=\"300\"  itemprop=\"thumbnailUrl\" srcset=\"https:\/\/estructurasllerona.com\/wp-content\/uploads\/2015\/11\/rehabilitaciones-300x300.jpg 300w, https:\/\/estructurasllerona.com\/wp-content\/uploads\/2015\/11\/rehabilitaciones-80x80.jpg 80w, https:\/\/estructurasllerona.com\/wp-content\/uploads\/2015\/11\/rehabilitaciones-36x36.jpg 36w, https:\/\/estructurasllerona.com\/wp-content\/uploads\/2015\/11\/rehabilitaciones-180x180.jpg 180w, https:\/\/estructurasllerona.com\/wp-content\/uploads\/2015\/11\/rehabilitaciones-120x120.jpg 120w, https:\/\/estructurasllerona.com\/wp-content\/uploads\/2015\/11\/rehabilitaciones-450x450.jpg 450w, https:\/\/estructurasllerona.com\/wp-content\/uploads\/2015\/11\/rehabilitaciones.jpg 500w\" sizes=\"(max-width: 300px) 100vw, 300px\" \/><\/a><\/div><\/div><\/div><br \/>\n\n<style type=\"text\/css\" data-created_by=\"avia_inline_auto\" id=\"style-css-av-av_hr-ee2847e2e025ce3d30801259a03f9fd4\">\n#top .hr.hr-invisible.av-av_hr-ee2847e2e025ce3d30801259a03f9fd4{\nheight:10px;\n}\n<\/style>\n<div  class='hr av-av_hr-ee2847e2e025ce3d30801259a03f9fd4 hr-invisible  avia-builder-el-24  el_after_av_image  el_before_av_codeblock '><span class='hr-inner '><span class=\"hr-inner-style\"><\/span><\/span><\/div><br \/>\n<br \/>\n<section  class='av_textblock_section av-av_textblock-2de302bf1aa3cf4c9157dbe6f50ac7eb '   itemscope=\"itemscope\" itemtype=\"https:\/\/schema.org\/CreativeWork\" ><div class='avia_textblock'  itemprop=\"text\" ><p style=\"text-align: center;\">Nous produisons toutes sortes d&rsquo;\u00e9l\u00e9ments en m\u00e9tal gr\u00e2ce aux meilleurs \u00e9quipements industrialis\u00e9s, ce qui offre de grands avantages en termes d&rsquo;assemblage.<\/p>\n<\/div><\/section><\/p><\/div>\n<style type=\"text\/css\" data-created_by=\"avia_inline_auto\" id=\"style-css-av-av_one_third-c8fc129dc35fd1ae2a1e410224d39ea8\">\n.flex_column.av-av_one_third-c8fc129dc35fd1ae2a1e410224d39ea8{\n-webkit-border-radius:0px 0px 0px 0px;\n-moz-border-radius:0px 0px 0px 0px;\nborder-radius:0px 0px 0px 0px;\npadding:0px 0px 0px 0px;\n}\n<\/style>\n<div  class='flex_column av-av_one_third-c8fc129dc35fd1ae2a1e410224d39ea8 av_one_third  avia-builder-el-27  el_after_av_one_third  avia-builder-el-last  flex_column_div av-zero-column-padding  column-top-margin'     ><p>\n<style type=\"text\/css\" data-created_by=\"avia_inline_auto\" id=\"style-css-av-av_image-21bf9a923e55bc8af020299eb5ced59e\">\n.avia-image-container.av-av_image-21bf9a923e55bc8af020299eb5ced59e img.avia_image{\nbox-shadow:none;\n}\n.avia-image-container.av-av_image-21bf9a923e55bc8af020299eb5ced59e .av-image-caption-overlay-center{\ncolor:#ffffff;\n}\n<\/style>\n<div  class='avia-image-container av-av_image-21bf9a923e55bc8af020299eb5ced59e av-styling- avia-align-center  avia-builder-el-28  el_before_av_hr  avia-builder-el-first '   itemprop=\"image\" itemscope=\"itemscope\" itemtype=\"https:\/\/schema.org\/ImageObject\" ><div class=\"avia-image-container-inner\"><div class=\"avia-image-overlay-wrap\"><a href=\"https:\/\/estructurasllerona.com\/fr\/marquesinas\/\" class='avia_image' ><img decoding=\"async\" class='wp-image-1550 avia-img-lazy-loading-not-1550 avia_image ' src=\"https:\/\/estructurasllerona.com\/wp-content\/uploads\/2015\/11\/marquesinas-300x300.jpg\" alt='' title=''  height=\"300\" width=\"300\"  itemprop=\"thumbnailUrl\" srcset=\"https:\/\/estructurasllerona.com\/wp-content\/uploads\/2015\/11\/marquesinas-300x300.jpg 300w, https:\/\/estructurasllerona.com\/wp-content\/uploads\/2015\/11\/marquesinas-80x80.jpg 80w, https:\/\/estructurasllerona.com\/wp-content\/uploads\/2015\/11\/marquesinas-36x36.jpg 36w, https:\/\/estructurasllerona.com\/wp-content\/uploads\/2015\/11\/marquesinas-180x180.jpg 180w, https:\/\/estructurasllerona.com\/wp-content\/uploads\/2015\/11\/marquesinas-120x120.jpg 120w, https:\/\/estructurasllerona.com\/wp-content\/uploads\/2015\/11\/marquesinas-450x450.jpg 450w, https:\/\/estructurasllerona.com\/wp-content\/uploads\/2015\/11\/marquesinas.jpg 500w\" sizes=\"(max-width: 300px) 100vw, 300px\" \/><\/a><\/div><\/div><\/div><br \/>\n\n<style type=\"text\/css\" data-created_by=\"avia_inline_auto\" id=\"style-css-av-av_hr-ee2847e2e025ce3d30801259a03f9fd4\">\n#top .hr.hr-invisible.av-av_hr-ee2847e2e025ce3d30801259a03f9fd4{\nheight:10px;\n}\n<\/style>\n<div  class='hr av-av_hr-ee2847e2e025ce3d30801259a03f9fd4 hr-invisible  avia-builder-el-29  el_after_av_image  el_before_av_codeblock '><span class='hr-inner '><span class=\"hr-inner-style\"><\/span><\/span><\/div><br \/>\n<br \/>\n<section  class='av_textblock_section av-av_textblock-2de302bf1aa3cf4c9157dbe6f50ac7eb '   itemscope=\"itemscope\" itemtype=\"https:\/\/schema.org\/CreativeWork\" ><div class='avia_textblock'  itemprop=\"text\" ><p style=\"text-align: center;\">Nous am\u00e9liorons les processus constructifs, en obtenant le maximum d&rsquo;efficacit\u00e9 et d&rsquo;efficacit\u00e9 du projet, en apportant la rentabilit\u00e9 maximale \u00e0 nos clients.<\/p>\n<\/div><\/section><\/p><\/div><\/p>\n","protected":false},"excerpt":{"rendered":"","protected":false},"author":1,"featured_media":0,"parent":0,"menu_order":80,"comment_status":"closed","ping_status":"closed","template":"","meta":[],"yoast_head":"<!-- This site is optimized with the Yoast SEO plugin v20.9 - https:\/\/yoast.com\/wordpress\/plugins\/seo\/ -->\n<title>Projets - Estructuras Llerona<\/title>\n<meta name=\"description\" content=\"Escaliers Nous r\u00e9alisons une \u00e9tude exhaustive de chaque projet, en obtenant les param\u00e8tres cl\u00e9s pour pouvoir offrir les meilleurs processus de construction.\" \/>\n<meta name=\"robots\" content=\"index, follow, max-snippet:-1, max-image-preview:large, max-video-preview:-1\" \/>\n<link rel=\"canonical\" href=\"https:\/\/estructurasllerona.com\/fr\/projets\/\" \/>\n<meta name=\"twitter:label1\" content=\"Dur\u00e9e de lecture estim\u00e9e\" \/>\n\t<meta name=\"twitter:data1\" content=\"6 minutes\" \/>\n<script type=\"application\/ld+json\" class=\"yoast-schema-graph\">{\"@context\":\"https:\/\/schema.org\",\"@graph\":[{\"@type\":\"WebPage\",\"@id\":\"https:\/\/estructurasllerona.com\/fr\/projets\/\",\"url\":\"https:\/\/estructurasllerona.com\/fr\/projets\/\",\"name\":\"Projets - Estructuras Llerona\",\"isPartOf\":{\"@id\":\"https:\/\/estructurasllerona.com\/#website\"},\"datePublished\":\"2019-04-11T17:32:18+00:00\",\"dateModified\":\"2019-04-15T10:12:30+00:00\",\"description\":\"Escaliers Nous r\u00e9alisons une \u00e9tude exhaustive de chaque projet, en obtenant les param\u00e8tres cl\u00e9s pour pouvoir offrir les meilleurs processus de construction.\",\"breadcrumb\":{\"@id\":\"https:\/\/estructurasllerona.com\/fr\/projets\/#breadcrumb\"},\"inLanguage\":\"fr-FR\",\"potentialAction\":[{\"@type\":\"ReadAction\",\"target\":[\"https:\/\/estructurasllerona.com\/fr\/projets\/\"]}]},{\"@type\":\"BreadcrumbList\",\"@id\":\"https:\/\/estructurasllerona.com\/fr\/projets\/#breadcrumb\",\"itemListElement\":[{\"@type\":\"ListItem\",\"position\":1,\"name\":\"Portada\",\"item\":\"https:\/\/estructurasllerona.com\/fr\/accueil-2\/\"},{\"@type\":\"ListItem\",\"position\":2,\"name\":\"Projets\"}]},{\"@type\":\"WebSite\",\"@id\":\"https:\/\/estructurasllerona.com\/#website\",\"url\":\"https:\/\/estructurasllerona.com\/\",\"name\":\"Estructuras Met\u00e1licas Llerona\",\"description\":\"Estructuras met\u00e1licas\",\"potentialAction\":[{\"@type\":\"SearchAction\",\"target\":{\"@type\":\"EntryPoint\",\"urlTemplate\":\"https:\/\/estructurasllerona.com\/?s={search_term_string}\"},\"query-input\":\"required name=search_term_string\"}],\"inLanguage\":\"fr-FR\"}]}<\/script>\n<!-- \/ Yoast SEO plugin. -->","yoast_head_json":{"title":"Projets - Estructuras Llerona","description":"Escaliers Nous r\u00e9alisons une \u00e9tude exhaustive de chaque projet, en obtenant les param\u00e8tres cl\u00e9s pour pouvoir offrir les meilleurs processus de construction.","robots":{"index":"index","follow":"follow","max-snippet":"max-snippet:-1","max-image-preview":"max-image-preview:large","max-video-preview":"max-video-preview:-1"},"canonical":"https:\/\/estructurasllerona.com\/fr\/projets\/","twitter_misc":{"Dur\u00e9e de lecture estim\u00e9e":"6 minutes"},"schema":{"@context":"https:\/\/schema.org","@graph":[{"@type":"WebPage","@id":"https:\/\/estructurasllerona.com\/fr\/projets\/","url":"https:\/\/estructurasllerona.com\/fr\/projets\/","name":"Projets - Estructuras Llerona","isPartOf":{"@id":"https:\/\/estructurasllerona.com\/#website"},"datePublished":"2019-04-11T17:32:18+00:00","dateModified":"2019-04-15T10:12:30+00:00","description":"Escaliers Nous r\u00e9alisons une \u00e9tude exhaustive de chaque projet, en obtenant les param\u00e8tres cl\u00e9s pour pouvoir offrir les meilleurs processus de construction.","breadcrumb":{"@id":"https:\/\/estructurasllerona.com\/fr\/projets\/#breadcrumb"},"inLanguage":"fr-FR","potentialAction":[{"@type":"ReadAction","target":["https:\/\/estructurasllerona.com\/fr\/projets\/"]}]},{"@type":"BreadcrumbList","@id":"https:\/\/estructurasllerona.com\/fr\/projets\/#breadcrumb","itemListElement":[{"@type":"ListItem","position":1,"name":"Portada","item":"https:\/\/estructurasllerona.com\/fr\/accueil-2\/"},{"@type":"ListItem","position":2,"name":"Projets"}]},{"@type":"WebSite","@id":"https:\/\/estructurasllerona.com\/#website","url":"https:\/\/estructurasllerona.com\/","name":"Estructuras Met\u00e1licas Llerona","description":"Estructuras met\u00e1licas","potentialAction":[{"@type":"SearchAction","target":{"@type":"EntryPoint","urlTemplate":"https:\/\/estructurasllerona.com\/?s={search_term_string}"},"query-input":"required name=search_term_string"}],"inLanguage":"fr-FR"}]}},"_links":{"self":[{"href":"https:\/\/estructurasllerona.com\/fr\/wp-json\/wp\/v2\/pages\/1505"}],"collection":[{"href":"https:\/\/estructurasllerona.com\/fr\/wp-json\/wp\/v2\/pages"}],"about":[{"href":"https:\/\/estructurasllerona.com\/fr\/wp-json\/wp\/v2\/types\/page"}],"author":[{"embeddable":true,"href":"https:\/\/estructurasllerona.com\/fr\/wp-json\/wp\/v2\/users\/1"}],"replies":[{"embeddable":true,"href":"https:\/\/estructurasllerona.com\/fr\/wp-json\/wp\/v2\/comments?post=1505"}],"version-history":[{"count":8,"href":"https:\/\/estructurasllerona.com\/fr\/wp-json\/wp\/v2\/pages\/1505\/revisions"}],"predecessor-version":[{"id":2162,"href":"https:\/\/estructurasllerona.com\/fr\/wp-json\/wp\/v2\/pages\/1505\/revisions\/2162"}],"wp:attachment":[{"href":"https:\/\/estructurasllerona.com\/fr\/wp-json\/wp\/v2\/media?parent=1505"}],"curies":[{"name":"wp","href":"https:\/\/api.w.org\/{rel}","templated":true}]}}