{"id":1507,"date":"2015-11-05T11:02:33","date_gmt":"2015-11-05T09:02:33","guid":{"rendered":"https:\/\/estructurasllerona.com\/?page_id=1507"},"modified":"2020-09-17T16:34:01","modified_gmt":"2020-09-17T14:34:01","slug":"pasarelas","status":"publish","type":"page","link":"https:\/\/estructurasllerona.com\/fr\/pasarelas\/","title":{"rendered":"Pasarelas"},"content":{"rendered":"<div  class='flex_column av-71qvi-cabef3bc5c79adb23fccf16b3794b3bf av_one_half  avia-builder-el-0  el_before_av_one_half  avia-builder-el-first  first flex_column_div  '     ><div  class='avia-icon-list-container av-6d5dq-1c0f81e4734af24f865f24984bf0dbca  avia-builder-el-1  avia-builder-el-no-sibling '><ul class='avia-icon-list avia_animate_when_almost_visible avia-icon-list-left av-iconlist-big av-6d5dq-1c0f81e4734af24f865f24984bf0dbca avia-iconlist-animate'>\n<li><div class='iconlist_icon av-377j2-b0479c1cdcb51fca06b81dbfb0c2e5da avia-font-entypo-fontello'><span class='iconlist-char' aria-hidden='true' data-av_icon='\ue812' data-av_iconfont='entypo-fontello'><\/span><\/div><article class=\"article-icon-entry \"  itemscope=\"itemscope\" itemtype=\"https:\/\/schema.org\/CreativeWork\" ><div class=\"iconlist_content_wrap\"><header class=\"entry-content-header\"><h4 class='av_iconlist_title iconlist_title  '  itemprop=\"headline\" ><a href='https:\/\/estructurasllerona.com\/certis-horta\/' title='Certis Horta'>Certis Horta<\/a><\/h4><\/header><div class='iconlist_content '  itemprop=\"text\" ><p><a href=\"https:\/\/estructurasllerona.com\/certis-horta\/\"><img decoding=\"async\" loading=\"lazy\" class=\"alignnone size-portfolio wp-image-2399\" src=\"https:\/\/estructurasllerona.com\/wp-content\/uploads\/2020\/06\/certis-horta03-495x400.jpg\" alt=\"certis-horta03\" width=\"495\" height=\"400\" \/><\/a><\/p>\n<\/div><\/div><footer class=\"entry-footer\"><\/footer><\/article><div class=\"iconlist-timeline\"><\/div><\/li>\n<li><div class='iconlist_icon av-2jdqi-0e9d704079119e47f547d615294103a4 avia-font-entypo-fontello'><span class='iconlist-char' aria-hidden='true' data-av_icon='\ue812' data-av_iconfont='entypo-fontello'><\/span><\/div><article class=\"article-icon-entry \"  itemscope=\"itemscope\" itemtype=\"https:\/\/schema.org\/CreativeWork\" ><div class=\"iconlist_content_wrap\"><header class=\"entry-content-header\"><h4 class='av_iconlist_title iconlist_title  '  itemprop=\"headline\" ><a href='https:\/\/estructurasllerona.com\/enagas\/' title='Enagas'>Enagas<\/a><\/h4><\/header><div class='iconlist_content '  itemprop=\"text\" ><p><a href=\"https:\/\/estructurasllerona.com\/enagas\/\"><img decoding=\"async\" loading=\"lazy\" class=\"alignnone size-portfolio wp-image-2402\" src=\"https:\/\/estructurasllerona.com\/wp-content\/uploads\/2020\/06\/estructurasenagas08-1-495x400.jpg\" alt=\"\" width=\"495\" height=\"400\" srcset=\"https:\/\/estructurasllerona.com\/wp-content\/uploads\/2020\/06\/estructurasenagas08-1-495x400.jpg 495w, https:\/\/estructurasllerona.com\/wp-content\/uploads\/2020\/06\/estructurasenagas08-1-845x684.jpg 845w\" sizes=\"(max-width: 495px) 100vw, 495px\" \/><\/a><\/p>\n<\/div><\/div><footer class=\"entry-footer\"><\/footer><\/article><div class=\"iconlist-timeline\"><\/div><\/li>\n<li><div class='iconlist_icon av-2apxi-895eb99ee3d251f88bed6a455e31584a avia-font-entypo-fontello'><span class='iconlist-char' aria-hidden='true' data-av_icon='\ue812' data-av_iconfont='entypo-fontello'><\/span><\/div><article class=\"article-icon-entry \"  itemscope=\"itemscope\" itemtype=\"https:\/\/schema.org\/CreativeWork\" ><div class=\"iconlist_content_wrap\"><header class=\"entry-content-header\"><h4 class='av_iconlist_title iconlist_title  '  itemprop=\"headline\" ><a href='https:\/\/estructurasllerona.com\/pasarela-horta\/' title='Pasarela Horta'>Pasarela Horta<\/a><\/h4><\/header><div class='iconlist_content '  itemprop=\"text\" ><p><a href=\"https:\/\/estructurasllerona.com\/pasarela-horta\/\"><img decoding=\"async\" loading=\"lazy\" class=\"alignnone size-portfolio wp-image-2405\" src=\"https:\/\/estructurasllerona.com\/wp-content\/uploads\/2020\/06\/estructurahorta11-495x400.jpg\" alt=\"estructurahorta11\" width=\"495\" height=\"400\" srcset=\"https:\/\/estructurasllerona.com\/wp-content\/uploads\/2020\/06\/estructurahorta11-495x400.jpg 495w, https:\/\/estructurasllerona.com\/wp-content\/uploads\/2020\/06\/estructurahorta11-845x684.jpg 845w\" sizes=\"(max-width: 495px) 100vw, 495px\" \/><\/a><\/p>\n<\/div><\/div><footer class=\"entry-footer\"><\/footer><\/article><div class=\"iconlist-timeline\"><\/div><\/li>\n<li><div class='iconlist_icon av-av_iconlist_item-175688a9dc38a363a568fa1d72e4453b avia-font-entypo-fontello'><span class='iconlist-char' aria-hidden='true' data-av_icon='\ue812' data-av_iconfont='entypo-fontello'><\/span><\/div><article class=\"article-icon-entry \"  itemscope=\"itemscope\" itemtype=\"https:\/\/schema.org\/CreativeWork\" ><div class=\"iconlist_content_wrap\"><header class=\"entry-content-header\"><h4 class='av_iconlist_title iconlist_title  '  itemprop=\"headline\" ><a href='https:\/\/estructurasllerona.com\/pasarela-horta\/' title='Pasarela Centro Log\u00edstico Barber\u00e0 del Vall\u00e8s'>Pasarela Centro Log\u00edstico Barber\u00e0 del Vall\u00e8s<\/a><\/h4><\/header><div class='iconlist_content '  itemprop=\"text\" ><p><a href=\"https:\/\/estructurasllerona.com\/pasarela-centro-logistico-barbera\/\"><img decoding=\"async\" loading=\"lazy\" class=\"alignnone size-portfolio wp-image-2999\" src=\"https:\/\/estructurasllerona.com\/wp-content\/uploads\/2020\/09\/passerabarbera_000-1-495x400.jpg\" alt=\"\" width=\"495\" height=\"400\" srcset=\"https:\/\/estructurasllerona.com\/wp-content\/uploads\/2020\/09\/passerabarbera_000-1-495x400.jpg 495w, https:\/\/estructurasllerona.com\/wp-content\/uploads\/2020\/09\/passerabarbera_000-1-845x684.jpg 845w\" sizes=\"(max-width: 495px) 100vw, 495px\" \/><\/a><\/p>\n<\/div><\/div><footer class=\"entry-footer\"><\/footer><\/article><div class=\"iconlist-timeline\"><\/div><\/li>\n<\/ul><\/div><\/div><div  class='flex_column av-42hau-8ef6daf911e9817af8e5c7ee57497682 av_one_half  avia-builder-el-2  el_after_av_one_half  el_before_av_hr  flex_column_div  '     ><div  class='avia-icon-list-container av-3537u-59e17d15b47e06b8b0fe14c9c32856fd  avia-builder-el-3  avia-builder-el-no-sibling '><ul class='avia-icon-list avia_animate_when_almost_visible avia-icon-list-left av-iconlist-big av-3537u-59e17d15b47e06b8b0fe14c9c32856fd avia-iconlist-animate'>\n<li><div class='iconlist_icon av-5mba-008e6718587edd94c937fc20a47abae3 avia-font-entypo-fontello'><span class='iconlist-char' aria-hidden='true' data-av_icon='\ue812' data-av_iconfont='entypo-fontello'><\/span><\/div><article class=\"article-icon-entry \"  itemscope=\"itemscope\" itemtype=\"https:\/\/schema.org\/CreativeWork\" ><div class=\"iconlist_content_wrap\"><header class=\"entry-content-header\"><h4 class='av_iconlist_title iconlist_title  '  itemprop=\"headline\" ><a href='https:\/\/estructurasllerona.com\/pasarela-port-barcelona\/' title='Pasarela Port Barcelona'>Pasarela Port Barcelona<\/a><\/h4><\/header><div class='iconlist_content '  itemprop=\"text\" ><p><a href=\"https:\/\/estructurasllerona.com\/pasarela-port-barcelona\/\"><img decoding=\"async\" loading=\"lazy\" class=\"alignnone size-portfolio wp-image-2408\" src=\"https:\/\/estructurasllerona.com\/wp-content\/uploads\/2020\/06\/estructuraportbarcelona10-495x400.jpg\" alt=\"estructuraportbarcelona10\" width=\"495\" height=\"400\" srcset=\"https:\/\/estructurasllerona.com\/wp-content\/uploads\/2020\/06\/estructuraportbarcelona10-495x400.jpg 495w, https:\/\/estructurasllerona.com\/wp-content\/uploads\/2020\/06\/estructuraportbarcelona10-845x684.jpg 845w\" sizes=\"(max-width: 495px) 100vw, 495px\" \/><\/a><\/p>\n<\/div><\/div><footer class=\"entry-footer\"><\/footer><\/article><div class=\"iconlist-timeline\"><\/div><\/li>\n<li><div class='iconlist_icon av-10dsq-3ddb5ffba90066b0b675247f78e9f795 avia-font-entypo-fontello'><span class='iconlist-char' aria-hidden='true' data-av_icon='\ue812' data-av_iconfont='entypo-fontello'><\/span><\/div><article class=\"article-icon-entry \"  itemscope=\"itemscope\" itemtype=\"https:\/\/schema.org\/CreativeWork\" ><div class=\"iconlist_content_wrap\"><header class=\"entry-content-header\"><h4 class='av_iconlist_title iconlist_title  '  itemprop=\"headline\" ><a href='https:\/\/estructurasllerona.com\/tmb-cocheras\/' title='TMB - Cocheras'>TMB - Cocheras<\/a><\/h4><\/header><div class='iconlist_content '  itemprop=\"text\" ><p><a href=\"https:\/\/estructurasllerona.com\/tmb-cocheras\/\"><img decoding=\"async\" loading=\"lazy\" class=\"alignnone size-portfolio wp-image-2412\" src=\"https:\/\/estructurasllerona.com\/wp-content\/uploads\/2020\/06\/TMB-COCHERAS-495x359.jpg\" alt=\"\" width=\"495\" height=\"359\" \/><\/a><\/p>\n<\/div><\/div><footer class=\"entry-footer\"><\/footer><\/article><div class=\"iconlist-timeline\"><\/div><\/li>\n<li><div class='iconlist_icon av-av_iconlist_item-453d271341bd9f019058c750bb4f780f avia-font-entypo-fontello'><span class='iconlist-char' aria-hidden='true' data-av_icon='\ue812' data-av_iconfont='entypo-fontello'><\/span><\/div><article class=\"article-icon-entry \"  itemscope=\"itemscope\" itemtype=\"https:\/\/schema.org\/CreativeWork\" ><div class=\"iconlist_content_wrap\"><header class=\"entry-content-header\"><h4 class='av_iconlist_title iconlist_title  '  itemprop=\"headline\" ><a href='https:\/\/estructurasllerona.com\/tmb-cocheras\/' title='Pasarela Estaci\u00f3n Vacarisses'>Pasarela Estaci\u00f3n Vacarisses<\/a><\/h4><\/header><div class='iconlist_content '  itemprop=\"text\" ><p><a href=\"https:\/\/estructurasllerona.com\/pasarela-estacion-vacarisses\/\"><img decoding=\"async\" loading=\"lazy\" class=\"alignnone size-portfolio wp-image-3002\" src=\"https:\/\/estructurasllerona.com\/wp-content\/uploads\/2020\/09\/vacarisses_000-1-495x400.jpeg\" alt=\"vacarisses_000\" width=\"495\" height=\"400\" srcset=\"https:\/\/estructurasllerona.com\/wp-content\/uploads\/2020\/09\/vacarisses_000-1-495x400.jpeg 495w, https:\/\/estructurasllerona.com\/wp-content\/uploads\/2020\/09\/vacarisses_000-1-845x684.jpeg 845w\" sizes=\"(max-width: 495px) 100vw, 495px\" \/><\/a><\/p>\n<\/div><\/div><footer class=\"entry-footer\"><\/footer><\/article><div class=\"iconlist-timeline\"><\/div><\/li>\n<li><div class='iconlist_icon av-av_iconlist_item-5c111fe10f22d111947a6b7b7eb5d781 avia-font-entypo-fontello'><span class='iconlist-char' aria-hidden='true' data-av_icon='\ue812' data-av_iconfont='entypo-fontello'><\/span><\/div><article class=\"article-icon-entry \"  itemscope=\"itemscope\" itemtype=\"https:\/\/schema.org\/CreativeWork\" ><div class=\"iconlist_content_wrap\"><header class=\"entry-content-header\"><h4 class='av_iconlist_title iconlist_title  '  itemprop=\"headline\" ><a href='https:\/\/estructurasllerona.com\/tmb-cocheras\/' title='Pasarela sobre la C-17'>Pasarela sobre la C-17<\/a><\/h4><\/header><div class='iconlist_content '  itemprop=\"text\" ><p><a href=\"https:\/\/estructurasllerona.com\/pasarela-sobre-la-c-17\/\"><img decoding=\"async\" loading=\"lazy\" class=\"alignnone size-portfolio wp-image-3005\" src=\"https:\/\/estructurasllerona.com\/wp-content\/uploads\/2020\/09\/pasarelac17_000-1-495x400.jpg\" alt=\"pasarelac17_000\" width=\"495\" height=\"400\" srcset=\"https:\/\/estructurasllerona.com\/wp-content\/uploads\/2020\/09\/pasarelac17_000-1-495x400.jpg 495w, https:\/\/estructurasllerona.com\/wp-content\/uploads\/2020\/09\/pasarelac17_000-1-845x683.jpg 845w\" sizes=\"(max-width: 495px) 100vw, 495px\" \/><\/a><\/p>\n<\/div><\/div><footer class=\"entry-footer\"><\/footer><\/article><div class=\"iconlist-timeline\"><\/div><\/li>\n<\/ul><\/div><\/div>\n<style type=\"text\/css\" data-created_by=\"avia_inline_auto\" id=\"style-css-av-192wy-890a90b0e0d08d66db7c5ad39df90f2d\">\n#top .hr.hr-invisible.av-192wy-890a90b0e0d08d66db7c5ad39df90f2d{\nheight:30px;\n}\n<\/style>\n<div  class='hr av-192wy-890a90b0e0d08d66db7c5ad39df90f2d hr-invisible  avia-builder-el-4  el_after_av_one_half  el_before_av_button '><span class='hr-inner '><span class=\"hr-inner-style\"><\/span><\/span><\/div><\/p>\n<div  class='avia-button-wrap av-u1v6-b710f43bbb3ae03761693b42630c8b8d-wrap avia-button-center  avia-builder-el-5  el_after_av_hr  avia-builder-el-last '><a href='https:\/\/estructurasllerona.com\/proyectos\/'  class='avia-button av-u1v6-b710f43bbb3ae03761693b42630c8b8d avia-icon_select-no avia-size-large avia-position-center avia-color-theme-color'  ><span class='avia_iconbox_title' >Proyectos<\/span><\/a><\/div>\n","protected":false},"excerpt":{"rendered":"","protected":false},"author":1,"featured_media":0,"parent":0,"menu_order":102,"comment_status":"closed","ping_status":"closed","template":"","meta":[],"yoast_head":"<!-- This site is optimized with the Yoast SEO plugin v20.9 - https:\/\/yoast.com\/wordpress\/plugins\/seo\/ -->\n<title>Cerramientos Met\u00e1licos - Estructuras Llerona<\/title>\n<meta name=\"description\" content=\"Cerramientos Met\u00e1licos Ofrecemos la posibilidad de transformar uniones soldadas, por uniones mecanizadas en taller y atornilladas en obra.\" \/>\n<meta name=\"robots\" content=\"index, follow, max-snippet:-1, max-image-preview:large, max-video-preview:-1\" \/>\n<link rel=\"canonical\" href=\"https:\/\/estructurasllerona.com\/fr\/pasarelas\/\" \/>\n<meta name=\"twitter:label1\" content=\"Dur\u00e9e de lecture estim\u00e9e\" \/>\n\t<meta name=\"twitter:data1\" content=\"2 minutes\" \/>\n<script type=\"application\/ld+json\" class=\"yoast-schema-graph\">{\"@context\":\"https:\/\/schema.org\",\"@graph\":[{\"@type\":\"WebPage\",\"@id\":\"https:\/\/estructurasllerona.com\/fr\/pasarelas\/\",\"url\":\"https:\/\/estructurasllerona.com\/fr\/pasarelas\/\",\"name\":\"Cerramientos Met\u00e1licos - Estructuras Llerona\",\"isPartOf\":{\"@id\":\"https:\/\/estructurasllerona.com\/#website\"},\"datePublished\":\"2015-11-05T09:02:33+00:00\",\"dateModified\":\"2020-09-17T14:34:01+00:00\",\"description\":\"Cerramientos Met\u00e1licos Ofrecemos la posibilidad de transformar uniones soldadas, por uniones mecanizadas en taller y atornilladas en obra.\",\"breadcrumb\":{\"@id\":\"https:\/\/estructurasllerona.com\/fr\/pasarelas\/#breadcrumb\"},\"inLanguage\":\"fr-FR\",\"potentialAction\":[{\"@type\":\"ReadAction\",\"target\":[\"https:\/\/estructurasllerona.com\/fr\/pasarelas\/\"]}]},{\"@type\":\"BreadcrumbList\",\"@id\":\"https:\/\/estructurasllerona.com\/fr\/pasarelas\/#breadcrumb\",\"itemListElement\":[{\"@type\":\"ListItem\",\"position\":1,\"name\":\"Portada\",\"item\":\"https:\/\/estructurasllerona.com\/fr\/accueil-2\/\"},{\"@type\":\"ListItem\",\"position\":2,\"name\":\"Pasarelas\"}]},{\"@type\":\"WebSite\",\"@id\":\"https:\/\/estructurasllerona.com\/#website\",\"url\":\"https:\/\/estructurasllerona.com\/\",\"name\":\"Estructuras Met\u00e1licas Llerona\",\"description\":\"Estructuras met\u00e1licas\",\"potentialAction\":[{\"@type\":\"SearchAction\",\"target\":{\"@type\":\"EntryPoint\",\"urlTemplate\":\"https:\/\/estructurasllerona.com\/?s={search_term_string}\"},\"query-input\":\"required name=search_term_string\"}],\"inLanguage\":\"fr-FR\"}]}<\/script>\n<!-- \/ Yoast SEO plugin. -->","yoast_head_json":{"title":"Cerramientos Met\u00e1licos - Estructuras Llerona","description":"Cerramientos Met\u00e1licos Ofrecemos la posibilidad de transformar uniones soldadas, por uniones mecanizadas en taller y atornilladas en obra.","robots":{"index":"index","follow":"follow","max-snippet":"max-snippet:-1","max-image-preview":"max-image-preview:large","max-video-preview":"max-video-preview:-1"},"canonical":"https:\/\/estructurasllerona.com\/fr\/pasarelas\/","twitter_misc":{"Dur\u00e9e de lecture estim\u00e9e":"2 minutes"},"schema":{"@context":"https:\/\/schema.org","@graph":[{"@type":"WebPage","@id":"https:\/\/estructurasllerona.com\/fr\/pasarelas\/","url":"https:\/\/estructurasllerona.com\/fr\/pasarelas\/","name":"Cerramientos Met\u00e1licos - Estructuras Llerona","isPartOf":{"@id":"https:\/\/estructurasllerona.com\/#website"},"datePublished":"2015-11-05T09:02:33+00:00","dateModified":"2020-09-17T14:34:01+00:00","description":"Cerramientos Met\u00e1licos Ofrecemos la posibilidad de transformar uniones soldadas, por uniones mecanizadas en taller y atornilladas en obra.","breadcrumb":{"@id":"https:\/\/estructurasllerona.com\/fr\/pasarelas\/#breadcrumb"},"inLanguage":"fr-FR","potentialAction":[{"@type":"ReadAction","target":["https:\/\/estructurasllerona.com\/fr\/pasarelas\/"]}]},{"@type":"BreadcrumbList","@id":"https:\/\/estructurasllerona.com\/fr\/pasarelas\/#breadcrumb","itemListElement":[{"@type":"ListItem","position":1,"name":"Portada","item":"https:\/\/estructurasllerona.com\/fr\/accueil-2\/"},{"@type":"ListItem","position":2,"name":"Pasarelas"}]},{"@type":"WebSite","@id":"https:\/\/estructurasllerona.com\/#website","url":"https:\/\/estructurasllerona.com\/","name":"Estructuras Met\u00e1licas Llerona","description":"Estructuras met\u00e1licas","potentialAction":[{"@type":"SearchAction","target":{"@type":"EntryPoint","urlTemplate":"https:\/\/estructurasllerona.com\/?s={search_term_string}"},"query-input":"required name=search_term_string"}],"inLanguage":"fr-FR"}]}},"_links":{"self":[{"href":"https:\/\/estructurasllerona.com\/fr\/wp-json\/wp\/v2\/pages\/1507"}],"collection":[{"href":"https:\/\/estructurasllerona.com\/fr\/wp-json\/wp\/v2\/pages"}],"about":[{"href":"https:\/\/estructurasllerona.com\/fr\/wp-json\/wp\/v2\/types\/page"}],"author":[{"embeddable":true,"href":"https:\/\/estructurasllerona.com\/fr\/wp-json\/wp\/v2\/users\/1"}],"replies":[{"embeddable":true,"href":"https:\/\/estructurasllerona.com\/fr\/wp-json\/wp\/v2\/comments?post=1507"}],"version-history":[{"count":6,"href":"https:\/\/estructurasllerona.com\/fr\/wp-json\/wp\/v2\/pages\/1507\/revisions"}],"predecessor-version":[{"id":3010,"href":"https:\/\/estructurasllerona.com\/fr\/wp-json\/wp\/v2\/pages\/1507\/revisions\/3010"}],"wp:attachment":[{"href":"https:\/\/estructurasllerona.com\/fr\/wp-json\/wp\/v2\/media?parent=1507"}],"curies":[{"name":"wp","href":"https:\/\/api.w.org\/{rel}","templated":true}]}}