{"id":1512,"date":"2019-04-11T19:31:35","date_gmt":"2019-04-11T17:31:35","guid":{"rendered":"https:\/\/estructurasllerona.com\/?page_id=1512"},"modified":"2025-11-05T12:01:41","modified_gmt":"2025-11-05T10:01:41","slug":"contact","status":"publish","type":"page","link":"https:\/\/estructurasllerona.com\/fr\/contact\/","title":{"rendered":"Contact"},"content":{"rendered":"<div  class='flex_column av-q9b0wo-0fde219ccdc6da909d6e89d52aed73a6 av_one_fifth  avia-builder-el-0  el_before_av_one_third  avia-builder-el-first  first flex_column_div  '     ><\/div>\n\n<style type=\"text\/css\" data-created_by=\"avia_inline_auto\" id=\"style-css-av-olr19k-6a6783dc7f8f82484c2a0b84c435dc6f\">\n.flex_column.av-olr19k-6a6783dc7f8f82484c2a0b84c435dc6f{\n-webkit-border-radius:0px 0px 0px 0px;\n-moz-border-radius:0px 0px 0px 0px;\nborder-radius:0px 0px 0px 0px;\npadding:0px 0px 0px 0px;\n}\n<\/style>\n<div  class='flex_column av-olr19k-6a6783dc7f8f82484c2a0b84c435dc6f av_one_third  avia-builder-el-1  el_after_av_one_fifth  el_before_av_two_fifth  flex_column_div av-zero-column-padding  '     ><br \/>\n<\/p><\/div>\n<style type=\"text\/css\" data-created_by=\"avia_inline_auto\" id=\"style-css-av-hp3rw8-57cdd0ba8f3b6550736a63d581c1d516\">\n.flex_column.av-hp3rw8-57cdd0ba8f3b6550736a63d581c1d516{\n-webkit-border-radius:0px 0px 0px 0px;\n-moz-border-radius:0px 0px 0px 0px;\nborder-radius:0px 0px 0px 0px;\npadding:0px 0px 0px 0px;\n}\n<\/style>\n<div  class='flex_column av-hp3rw8-57cdd0ba8f3b6550736a63d581c1d516 av_two_fifth  avia-builder-el-4  el_after_av_one_third  el_before_av_hr  flex_column_div av-zero-column-padding  '     ><form action=\"https:\/\/estructurasllerona.com\/fr\/contact\/\" method=\"post\" data-fields-with-error=\"Found errors in the following field(s):\" class=\"avia_ajax_form av-form-labels-visible   avia-builder-el-5  avia-builder-el-no-sibling   \" data-avia-form-id=\"1\" data-avia-redirect='' ><h3 class=''>Cont\u00e1ctanos<\/h3><fieldset><p class='  first_form  form_element form_fullwidth' id='element_avia_1_1'><label for=\"avia_1_1\">Nom <abbr class=\"required\" title=\"requis(e)\">*<\/abbr><\/label> <input name=\"avia_1_1\" class=\"text_input is_empty\" type=\"text\" id=\"avia_1_1\" value=\"\" \/><\/p><p class='  first_form  form_element form_fullwidth' id='element_avia_2_1'><label for=\"avia_2_1\">T\u00e9l\u00e9phone <abbr class=\"required\" title=\"requis(e)\">*<\/abbr><\/label> <input name=\"avia_2_1\" class=\"text_input is_empty\" type=\"text\" id=\"avia_2_1\" value=\"\" \/><\/p><p class='  first_form  form_element form_fullwidth' id='element_avia_3_1'><label for=\"avia_3_1\">Courrier \u00e9lectronique <abbr class=\"required\" title=\"requis(e)\">*<\/abbr><\/label> <input name=\"avia_3_1\" class=\"text_input is_email\" type=\"text\" id=\"avia_3_1\" value=\"\" \/><\/p><p class='  first_form  form_element form_fullwidth' id='element_avia_4_1'><label for=\"avia_4_1\">Sujet <abbr class=\"required\" title=\"requis(e)\">*<\/abbr><\/label> <input name=\"avia_4_1\" class=\"text_input is_empty\" type=\"text\" id=\"avia_4_1\" value=\"\" \/><\/p><p class='  first_form  form_element form_fullwidth' id='element_avia_5_1'><label for=\"avia_5_1\" class=\"textare_label hidden textare_label_avia_5_1\">Message <abbr class=\"required\" title=\"requis(e)\">*<\/abbr><\/label><textarea  name=\"avia_5_1\" class=\"text_area is_empty\" cols=\"40\" rows=\"7\" id=\"avia_5_1\" ><\/textarea><\/p><p class='  first_form  form_element form_fullwidth' id='element_avia_6_1'><input  name=\"avia_6_1\" class=\"input_checkbox is_empty\" type=\"checkbox\" id=\"avia_6_1\" value=\"true\"\/><label class=\"input_checkbox_label\" for=\"avia_6_1\">J\u2019accepte les <a href=\"https:\/\/estructurasllerona.com\/fr\/avis-juridique\/\" target=\"_blank\" rel=\"noopener noreferrer\">t\u00e9rminos<\/a> et <a href=\"https:\/\/estructurasllerona.com\/fr\/politique-de-confidentialite\/\" target=\"_blank\" rel=\"noopener noreferrer\">conditions<\/a> <abbr class=\"required\" title=\"requis(e)\">*<\/abbr><\/label><\/p><p class=\"hidden\"><input type=\"text\" name=\"avia_7_1\" class=\"hidden \" id=\"avia_7_1\" value=\"\" \/><\/p><p class='   form_element form_fullwidth' id='element_avia_8_1'><span class='value_verifier_label'>1 + 2 = ?<\/span><input name=\"avia_8_1_verifier\" type=\"hidden\" id=\"avia_8_1_verifier\" value=\"732634711\"\/><label for=\"avia_8_1\">Merci de prouver que vous \u00eates un humain en donnant le r\u00e9sultat de cette op\u00e9ration <abbr class=\"required\" title=\"requis(e)\">*<\/abbr><\/label><input name=\"avia_8_1\" class=\"text_input captcha\" type=\"text\" id=\"avia_8_1\" value=\"\"\/><\/p><p class=\"form_element \"><input type=\"hidden\" value=\"1\" name=\"avia_generated_form1\" \/><input type=\"submit\" value=\"Envoyer\" class=\"button\"  data-sending-label=\"Envoi\"\/><\/p><\/fieldset><\/form><div id=\"ajaxresponse_1\" class=\"ajaxresponse ajaxresponse_1 hidden\"><\/div><\/div><\/p>\n\n<style type=\"text\/css\" data-created_by=\"avia_inline_auto\" id=\"style-css-av-3y2wyw-ba462bb2982331fa4e369ce1e3cd0c55\">\n#top .hr.hr-invisible.av-3y2wyw-ba462bb2982331fa4e369ce1e3cd0c55{\nheight:30px;\n}\n<\/style>\n<div  class='hr av-3y2wyw-ba462bb2982331fa4e369ce1e3cd0c55 hr-invisible  avia-builder-el-6  el_after_av_two_fifth  el_before_av_codeblock '><span class='hr-inner '><span class=\"hr-inner-style\"><\/span><\/span><\/div>\n\n","protected":false},"excerpt":{"rendered":"","protected":false},"author":1,"featured_media":0,"parent":0,"menu_order":500,"comment_status":"closed","ping_status":"open","template":"","meta":[],"yoast_head":"<!-- This site is optimized with the Yoast SEO plugin v20.9 - https:\/\/yoast.com\/wordpress\/plugins\/seo\/ -->\n<title>Contact - Estructuras Llerona<\/title>\n<meta name=\"description\" content=\"Estructuras Met\u00e1licas Llerona Sede Central Calle Holanda, 15, Pol\u00edgono Industrial &quot;Pla de Llerona&quot; 08520 Les Franqueses del Vall\u00e9s, Barcelona,Catalu\u00f1a, Espa\u00f1a Tel. (+34) 93 840 76 21 admin@estructurasllerona.com\" \/>\n<meta name=\"robots\" content=\"index, follow, max-snippet:-1, max-image-preview:large, max-video-preview:-1\" \/>\n<link rel=\"canonical\" href=\"https:\/\/estructurasllerona.com\/fr\/contact\/\" \/>\n<script type=\"application\/ld+json\" class=\"yoast-schema-graph\">{\"@context\":\"https:\/\/schema.org\",\"@graph\":[{\"@type\":\"WebPage\",\"@id\":\"https:\/\/estructurasllerona.com\/fr\/contact\/\",\"url\":\"https:\/\/estructurasllerona.com\/fr\/contact\/\",\"name\":\"Contact - Estructuras Llerona\",\"isPartOf\":{\"@id\":\"https:\/\/estructurasllerona.com\/#website\"},\"datePublished\":\"2019-04-11T17:31:35+00:00\",\"dateModified\":\"2025-11-05T10:01:41+00:00\",\"description\":\"Estructuras Met\u00e1licas Llerona Sede Central Calle Holanda, 15, Pol\u00edgono Industrial \\\"Pla de Llerona\\\" 08520 Les Franqueses del Vall\u00e9s, Barcelona,Catalu\u00f1a, Espa\u00f1a Tel. (+34) 93 840 76 21 admin@estructurasllerona.com\",\"breadcrumb\":{\"@id\":\"https:\/\/estructurasllerona.com\/fr\/contact\/#breadcrumb\"},\"inLanguage\":\"fr-FR\",\"potentialAction\":[{\"@type\":\"ReadAction\",\"target\":[\"https:\/\/estructurasllerona.com\/fr\/contact\/\"]}]},{\"@type\":\"BreadcrumbList\",\"@id\":\"https:\/\/estructurasllerona.com\/fr\/contact\/#breadcrumb\",\"itemListElement\":[{\"@type\":\"ListItem\",\"position\":1,\"name\":\"Portada\",\"item\":\"https:\/\/estructurasllerona.com\/fr\/accueil-2\/\"},{\"@type\":\"ListItem\",\"position\":2,\"name\":\"Contact\"}]},{\"@type\":\"WebSite\",\"@id\":\"https:\/\/estructurasllerona.com\/#website\",\"url\":\"https:\/\/estructurasllerona.com\/\",\"name\":\"Estructuras Met\u00e1licas Llerona\",\"description\":\"Estructuras met\u00e1licas\",\"potentialAction\":[{\"@type\":\"SearchAction\",\"target\":{\"@type\":\"EntryPoint\",\"urlTemplate\":\"https:\/\/estructurasllerona.com\/?s={search_term_string}\"},\"query-input\":\"required name=search_term_string\"}],\"inLanguage\":\"fr-FR\"}]}<\/script>\n<!-- \/ Yoast SEO plugin. -->","yoast_head_json":{"title":"Contact - Estructuras Llerona","description":"Estructuras Met\u00e1licas Llerona Sede Central Calle Holanda, 15, Pol\u00edgono Industrial \"Pla de Llerona\" 08520 Les Franqueses del Vall\u00e9s, Barcelona,Catalu\u00f1a, Espa\u00f1a Tel. (+34) 93 840 76 21 admin@estructurasllerona.com","robots":{"index":"index","follow":"follow","max-snippet":"max-snippet:-1","max-image-preview":"max-image-preview:large","max-video-preview":"max-video-preview:-1"},"canonical":"https:\/\/estructurasllerona.com\/fr\/contact\/","schema":{"@context":"https:\/\/schema.org","@graph":[{"@type":"WebPage","@id":"https:\/\/estructurasllerona.com\/fr\/contact\/","url":"https:\/\/estructurasllerona.com\/fr\/contact\/","name":"Contact - Estructuras Llerona","isPartOf":{"@id":"https:\/\/estructurasllerona.com\/#website"},"datePublished":"2019-04-11T17:31:35+00:00","dateModified":"2025-11-05T10:01:41+00:00","description":"Estructuras Met\u00e1licas Llerona Sede Central Calle Holanda, 15, Pol\u00edgono Industrial \"Pla de Llerona\" 08520 Les Franqueses del Vall\u00e9s, Barcelona,Catalu\u00f1a, Espa\u00f1a Tel. (+34) 93 840 76 21 admin@estructurasllerona.com","breadcrumb":{"@id":"https:\/\/estructurasllerona.com\/fr\/contact\/#breadcrumb"},"inLanguage":"fr-FR","potentialAction":[{"@type":"ReadAction","target":["https:\/\/estructurasllerona.com\/fr\/contact\/"]}]},{"@type":"BreadcrumbList","@id":"https:\/\/estructurasllerona.com\/fr\/contact\/#breadcrumb","itemListElement":[{"@type":"ListItem","position":1,"name":"Portada","item":"https:\/\/estructurasllerona.com\/fr\/accueil-2\/"},{"@type":"ListItem","position":2,"name":"Contact"}]},{"@type":"WebSite","@id":"https:\/\/estructurasllerona.com\/#website","url":"https:\/\/estructurasllerona.com\/","name":"Estructuras Met\u00e1licas Llerona","description":"Estructuras met\u00e1licas","potentialAction":[{"@type":"SearchAction","target":{"@type":"EntryPoint","urlTemplate":"https:\/\/estructurasllerona.com\/?s={search_term_string}"},"query-input":"required name=search_term_string"}],"inLanguage":"fr-FR"}]}},"_links":{"self":[{"href":"https:\/\/estructurasllerona.com\/fr\/wp-json\/wp\/v2\/pages\/1512"}],"collection":[{"href":"https:\/\/estructurasllerona.com\/fr\/wp-json\/wp\/v2\/pages"}],"about":[{"href":"https:\/\/estructurasllerona.com\/fr\/wp-json\/wp\/v2\/types\/page"}],"author":[{"embeddable":true,"href":"https:\/\/estructurasllerona.com\/fr\/wp-json\/wp\/v2\/users\/1"}],"replies":[{"embeddable":true,"href":"https:\/\/estructurasllerona.com\/fr\/wp-json\/wp\/v2\/comments?post=1512"}],"version-history":[{"count":9,"href":"https:\/\/estructurasllerona.com\/fr\/wp-json\/wp\/v2\/pages\/1512\/revisions"}],"predecessor-version":[{"id":3212,"href":"https:\/\/estructurasllerona.com\/fr\/wp-json\/wp\/v2\/pages\/1512\/revisions\/3212"}],"wp:attachment":[{"href":"https:\/\/estructurasllerona.com\/fr\/wp-json\/wp\/v2\/media?parent=1512"}],"curies":[{"name":"wp","href":"https:\/\/api.w.org\/{rel}","templated":true}]}}