{"id":1630,"date":"2019-04-11T19:31:18","date_gmt":"2019-04-11T17:31:18","guid":{"rendered":"https:\/\/estructurasllerona.com\/?page_id=1630"},"modified":"2020-09-15T18:03:30","modified_gmt":"2020-09-15T16:03:30","slug":"processus-de-production","status":"publish","type":"page","link":"https:\/\/estructurasllerona.com\/fr\/processus-de-production\/","title":{"rendered":"Processus de production"},"content":{"rendered":"\n<style type=\"text\/css\" data-created_by=\"avia_inline_auto\" id=\"style-css-av-av_heading-85d4d8094f11bed96db00b1d2d9ca42d\">\n#top .av-special-heading.av-av_heading-85d4d8094f11bed96db00b1d2d9ca42d{\npadding-bottom:10px;\n}\nbody .av-special-heading.av-av_heading-85d4d8094f11bed96db00b1d2d9ca42d .av-special-heading-tag .heading-char{\nfont-size:25px;\n}\n.av-special-heading.av-av_heading-85d4d8094f11bed96db00b1d2d9ca42d .av-subheading{\nfont-size:15px;\n}\n<\/style>\n<div  class='av-special-heading av-av_heading-85d4d8094f11bed96db00b1d2d9ca42d av-special-heading-h1  avia-builder-el-0  el_before_av_two_third  avia-builder-el-first '><h1 class='av-special-heading-tag'  itemprop=\"headline\"  >Processus productif<\/h1><div class=\"special-heading-border\"><div class=\"special-heading-inner-border\"><\/div><\/div><\/div>\n<div  class='flex_column av-av_two_third-2a9015ff38129c418a3f2eafba3e9512 av_two_third  avia-builder-el-1  el_after_av_heading  el_before_av_one_third  first flex_column_div  '     ><p>\n<style type=\"text\/css\" data-created_by=\"avia_inline_auto\" id=\"style-css-av-av_hr-24a2570a128c9774074a624c85e88521\">\n#top .hr.hr-invisible.av-av_hr-24a2570a128c9774074a624c85e88521{\nheight:7px;\n}\n<\/style>\n<div  class='hr av-av_hr-24a2570a128c9774074a624c85e88521 hr-invisible  avia-builder-el-2  el_before_av_iconlist  avia-builder-el-first '><span class='hr-inner '><span class=\"hr-inner-style\"><\/span><\/span><\/div><br \/>\n<div  class='avia-icon-list-container av-av_iconlist-b9622264be8b33ecf932b804b1272287  avia-builder-el-3  el_after_av_hr  el_before_av_hr '><ul class='avia-icon-list avia_animate_when_almost_visible avia-icon-list-left av-iconlist-big av-av_iconlist-b9622264be8b33ecf932b804b1272287 avia-iconlist-animate'>\n<li><div class='iconlist_icon av-av_iconlist_item-4189c2b4b73ffde3fc4e89fcfcb87d2a avia-font-entypo-fontello'><span class='iconlist-char' aria-hidden='true' data-av_icon='\ue8c6' data-av_iconfont='entypo-fontello'><\/span><\/div><article class=\"article-icon-entry \"  itemscope=\"itemscope\" itemtype=\"https:\/\/schema.org\/CreativeWork\" ><div class=\"iconlist_content_wrap\"><header class=\"entry-content-header\"><h4 class='av_iconlist_title iconlist_title  '  itemprop=\"headline\" >ANALYSE DE PROJET<\/h4><\/header><div class='iconlist_content '  itemprop=\"text\" ><p>Analyse compl\u00e8te, param\u00e8tres multiples.<br \/>\nNous r\u00e9alisons une \u00e9tude exhaustive de chaque projet, en obtenant les param\u00e8tres cl\u00e9s pour pouvoir offrir les meilleurs processus de construction.<\/p>\n<\/div><\/div><footer class=\"entry-footer\"><\/footer><\/article><div class=\"iconlist-timeline\"><\/div><\/li>\n<li><div class='iconlist_icon av-av_iconlist_item-9fece9fe395c41a3306070db967df114 avia-font-entypo-fontello'><span class='iconlist-char' aria-hidden='true' data-av_icon='\ue864' data-av_iconfont='entypo-fontello'><\/span><\/div><article class=\"article-icon-entry \"  itemscope=\"itemscope\" itemtype=\"https:\/\/schema.org\/CreativeWork\" ><div class=\"iconlist_content_wrap\"><header class=\"entry-content-header\"><h4 class='av_iconlist_title iconlist_title  '  itemprop=\"headline\" >PROPOSITION D\u2019AM\u00c9LIORATION<\/h4><\/header><div class='iconlist_content '  itemprop=\"text\" ><p>Transformation des syndicats, m\u00e9canis\u00e9e.<br \/>\nNous offrons la possibilit\u00e9 de transformer des assemblages soud\u00e9s, par assemblages m\u00e9canis\u00e9s en atelier et boulonn\u00e9s sur site.<\/p>\n<\/div><\/div><footer class=\"entry-footer\"><\/footer><\/article><div class=\"iconlist-timeline\"><\/div><\/li>\n<li><div class='iconlist_icon av-av_iconlist_item-7874b0e2092c8c2d8aaf3d3b3956d5d4 avia-font-fontello'><span class='iconlist-char' aria-hidden='true' data-av_icon='\ue801' data-av_iconfont='fontello'><\/span><\/div><article class=\"article-icon-entry \"  itemscope=\"itemscope\" itemtype=\"https:\/\/schema.org\/CreativeWork\" ><div class=\"iconlist_content_wrap\"><header class=\"entry-content-header\"><h4 class='av_iconlist_title iconlist_title  '  itemprop=\"headline\" >OPTIMISATION DES CO\u00dbTS<\/h4><\/header><div class='iconlist_content '  itemprop=\"text\" ><p>Am\u00e9lioration du processus, efficacit\u00e9 maximale.<br \/>\nNous contribuons \u00e0 toute une \u00e9quipe technique qui d\u00e9veloppe les projets en 3D et les d\u00e9compose en jeux pour leur fabrication.<\/p>\n<\/div><\/div><footer class=\"entry-footer\"><\/footer><\/article><div class=\"iconlist-timeline\"><\/div><\/li>\n<li><div class='iconlist_icon av-av_iconlist_item-b9445bcfbb8e0f13f1098b4cc621a70e avia-font-fontello'><span class='iconlist-char' aria-hidden='true' data-av_icon='\ue805' data-av_iconfont='fontello'><\/span><\/div><article class=\"article-icon-entry \"  itemscope=\"itemscope\" itemtype=\"https:\/\/schema.org\/CreativeWork\" ><div class=\"iconlist_content_wrap\"><header class=\"entry-content-header\"><h4 class='av_iconlist_title iconlist_title  '  itemprop=\"headline\" >D\u00c9VELOPPEMENTS ET PARTICIPATIONS<\/h4><\/header><div class='iconlist_content '  itemprop=\"text\" ><p>Ressources professionnelles, r\u00e9sultats professionnels.<br \/>\nNous contribuons \u00e0 toute une \u00e9quipe technique qui d\u00e9veloppe les projets en 3D et les d\u00e9compose en jeux pour leur fabrication.<\/p>\n<\/div><\/div><footer class=\"entry-footer\"><\/footer><\/article><div class=\"iconlist-timeline\"><\/div><\/li>\n<li><div class='iconlist_icon av-av_iconlist_item-2f3007dbce8f2913e16660d1f870caf5 avia-font-entypo-fontello'><span class='iconlist-char' aria-hidden='true' data-av_icon='\ue856' data-av_iconfont='entypo-fontello'><\/span><\/div><article class=\"article-icon-entry \"  itemscope=\"itemscope\" itemtype=\"https:\/\/schema.org\/CreativeWork\" ><div class=\"iconlist_content_wrap\"><header class=\"entry-content-header\"><h4 class='av_iconlist_title iconlist_title  '  itemprop=\"headline\" >FABRICATION ET ASSEMBLAGE<\/h4><\/header><div class='iconlist_content '  itemprop=\"text\" ><p>Fabrication professionnelle, grands avantages.<br \/>\nNous produisons toutes sortes d&rsquo;\u00e9l\u00e9ments en m\u00e9tal gr\u00e2ce aux meilleurs \u00e9quipements industrialis\u00e9s, ce qui offre de grands avantages en termes d&rsquo;assemblage.<\/p>\n<\/div><\/div><footer class=\"entry-footer\"><\/footer><\/article><div class=\"iconlist-timeline\"><\/div><\/li>\n<\/ul><\/div><br \/>\n\n<style type=\"text\/css\" data-created_by=\"avia_inline_auto\" id=\"style-css-av-av_hr-ee2847e2e025ce3d30801259a03f9fd4\">\n#top .hr.hr-invisible.av-av_hr-ee2847e2e025ce3d30801259a03f9fd4{\nheight:10px;\n}\n<\/style>\n<div  class='hr av-av_hr-ee2847e2e025ce3d30801259a03f9fd4 hr-invisible  avia-builder-el-4  el_after_av_iconlist  el_before_av_button '><span class='hr-inner '><span class=\"hr-inner-style\"><\/span><\/span><\/div><br \/>\n<div  class='avia-button-wrap av-av_button-24630b324b14f51bdb40624a12518571-wrap avia-button-center  avia-builder-el-5  el_after_av_hr  avia-builder-el-last '><a href='https:\/\/estructurasllerona.com\/fr\/entreprise\/'  class='avia-button av-av_button-24630b324b14f51bdb40624a12518571 avia-icon_select-no avia-size-large avia-position-center avia-color-theme-color'  ><span class='avia_iconbox_title' >Notre entreprise<\/span><\/a><\/div><\/p><\/div>\n\n<style type=\"text\/css\" data-created_by=\"avia_inline_auto\" id=\"style-css-av-av_one_third-c8fc129dc35fd1ae2a1e410224d39ea8\">\n.flex_column.av-av_one_third-c8fc129dc35fd1ae2a1e410224d39ea8{\n-webkit-border-radius:0px 0px 0px 0px;\n-moz-border-radius:0px 0px 0px 0px;\nborder-radius:0px 0px 0px 0px;\npadding:0px 0px 0px 0px;\n}\n<\/style>\n<div  class='flex_column av-av_one_third-c8fc129dc35fd1ae2a1e410224d39ea8 av_one_third  avia-builder-el-6  el_after_av_two_third  avia-builder-el-last  flex_column_div av-zero-column-padding  '     ><style type=\"text\/css\" data-created_by=\"avia_inline_auto\" id=\"style-css-av-kf45b9ts-0b8bebd8d2b656c36005903a0e46663b\">\n.avia-image-container.av-kf45b9ts-0b8bebd8d2b656c36005903a0e46663b img.avia_image{\nbox-shadow:none;\n}\n.avia-image-container.av-kf45b9ts-0b8bebd8d2b656c36005903a0e46663b .av-image-caption-overlay-center{\ncolor:#ffffff;\n}\n<\/style>\n<div  class='avia-image-container av-kf45b9ts-0b8bebd8d2b656c36005903a0e46663b av-styling- avia-align-center  avia-builder-el-7  avia-builder-el-no-sibling '   itemprop=\"image\" itemscope=\"itemscope\" itemtype=\"https:\/\/schema.org\/ImageObject\" ><div class=\"avia-image-container-inner\"><div class=\"avia-image-overlay-wrap\"><img decoding=\"async\" class='wp-image-2464 avia-img-lazy-loading-not-2464 avia_image ' src=\"https:\/\/estructurasllerona.com\/wp-content\/uploads\/2020\/09\/estructurasmetalica02.jpg\" alt='estructurasmetalica02' title='estructurasmetalica02'  height=\"1080\" width=\"600\"  itemprop=\"thumbnailUrl\" srcset=\"https:\/\/estructurasllerona.com\/wp-content\/uploads\/2020\/09\/estructurasmetalica02.jpg 600w, https:\/\/estructurasllerona.com\/wp-content\/uploads\/2020\/09\/estructurasmetalica02-167x300.jpg 167w, https:\/\/estructurasllerona.com\/wp-content\/uploads\/2020\/09\/estructurasmetalica02-572x1030.jpg 572w, https:\/\/estructurasllerona.com\/wp-content\/uploads\/2020\/09\/estructurasmetalica02-392x705.jpg 392w\" sizes=\"(max-width: 600px) 100vw, 600px\" \/><\/div><\/div><\/div><\/div>\n","protected":false},"excerpt":{"rendered":"","protected":false},"author":1,"featured_media":0,"parent":0,"menu_order":20,"comment_status":"closed","ping_status":"closed","template":"","meta":[],"yoast_head":"<!-- This site is optimized with the Yoast SEO plugin v20.9 - https:\/\/yoast.com\/wordpress\/plugins\/seo\/ -->\n<title>Processus de production - Estructuras Llerona<\/title>\n<meta name=\"description\" content=\"ANALYSE DE PROJET Analyse compl\u00e8te, param\u00e8tres multiples. Nous r\u00e9alisons une \u00e9tude exhaustive de chaque projet, en obtenant les param\u00e8tres cl\u00e9s pour pouvoir offrir les meilleurs processus de construction.\" \/>\n<meta name=\"robots\" content=\"index, follow, max-snippet:-1, max-image-preview:large, max-video-preview:-1\" \/>\n<link rel=\"canonical\" href=\"https:\/\/estructurasllerona.com\/fr\/processus-de-production\/\" \/>\n<meta name=\"twitter:label1\" content=\"Dur\u00e9e de lecture estim\u00e9e\" \/>\n\t<meta name=\"twitter:data1\" content=\"3 minutes\" \/>\n<script type=\"application\/ld+json\" class=\"yoast-schema-graph\">{\"@context\":\"https:\/\/schema.org\",\"@graph\":[{\"@type\":\"WebPage\",\"@id\":\"https:\/\/estructurasllerona.com\/fr\/processus-de-production\/\",\"url\":\"https:\/\/estructurasllerona.com\/fr\/processus-de-production\/\",\"name\":\"Processus de production - Estructuras Llerona\",\"isPartOf\":{\"@id\":\"https:\/\/estructurasllerona.com\/#website\"},\"datePublished\":\"2019-04-11T17:31:18+00:00\",\"dateModified\":\"2020-09-15T16:03:30+00:00\",\"description\":\"ANALYSE DE PROJET Analyse compl\u00e8te, param\u00e8tres multiples. Nous r\u00e9alisons une \u00e9tude exhaustive de chaque projet, en obtenant les param\u00e8tres cl\u00e9s pour pouvoir offrir les meilleurs processus de construction.\",\"breadcrumb\":{\"@id\":\"https:\/\/estructurasllerona.com\/fr\/processus-de-production\/#breadcrumb\"},\"inLanguage\":\"fr-FR\",\"potentialAction\":[{\"@type\":\"ReadAction\",\"target\":[\"https:\/\/estructurasllerona.com\/fr\/processus-de-production\/\"]}]},{\"@type\":\"BreadcrumbList\",\"@id\":\"https:\/\/estructurasllerona.com\/fr\/processus-de-production\/#breadcrumb\",\"itemListElement\":[{\"@type\":\"ListItem\",\"position\":1,\"name\":\"Portada\",\"item\":\"https:\/\/estructurasllerona.com\/fr\/accueil-2\/\"},{\"@type\":\"ListItem\",\"position\":2,\"name\":\"Processus de production\"}]},{\"@type\":\"WebSite\",\"@id\":\"https:\/\/estructurasllerona.com\/#website\",\"url\":\"https:\/\/estructurasllerona.com\/\",\"name\":\"Estructuras Met\u00e1licas Llerona\",\"description\":\"Estructuras met\u00e1licas\",\"potentialAction\":[{\"@type\":\"SearchAction\",\"target\":{\"@type\":\"EntryPoint\",\"urlTemplate\":\"https:\/\/estructurasllerona.com\/?s={search_term_string}\"},\"query-input\":\"required name=search_term_string\"}],\"inLanguage\":\"fr-FR\"}]}<\/script>\n<!-- \/ Yoast SEO plugin. -->","yoast_head_json":{"title":"Processus de production - Estructuras Llerona","description":"ANALYSE DE PROJET Analyse compl\u00e8te, param\u00e8tres multiples. Nous r\u00e9alisons une \u00e9tude exhaustive de chaque projet, en obtenant les param\u00e8tres cl\u00e9s pour pouvoir offrir les meilleurs processus de construction.","robots":{"index":"index","follow":"follow","max-snippet":"max-snippet:-1","max-image-preview":"max-image-preview:large","max-video-preview":"max-video-preview:-1"},"canonical":"https:\/\/estructurasllerona.com\/fr\/processus-de-production\/","twitter_misc":{"Dur\u00e9e de lecture estim\u00e9e":"3 minutes"},"schema":{"@context":"https:\/\/schema.org","@graph":[{"@type":"WebPage","@id":"https:\/\/estructurasllerona.com\/fr\/processus-de-production\/","url":"https:\/\/estructurasllerona.com\/fr\/processus-de-production\/","name":"Processus de production - Estructuras Llerona","isPartOf":{"@id":"https:\/\/estructurasllerona.com\/#website"},"datePublished":"2019-04-11T17:31:18+00:00","dateModified":"2020-09-15T16:03:30+00:00","description":"ANALYSE DE PROJET Analyse compl\u00e8te, param\u00e8tres multiples. Nous r\u00e9alisons une \u00e9tude exhaustive de chaque projet, en obtenant les param\u00e8tres cl\u00e9s pour pouvoir offrir les meilleurs processus de construction.","breadcrumb":{"@id":"https:\/\/estructurasllerona.com\/fr\/processus-de-production\/#breadcrumb"},"inLanguage":"fr-FR","potentialAction":[{"@type":"ReadAction","target":["https:\/\/estructurasllerona.com\/fr\/processus-de-production\/"]}]},{"@type":"BreadcrumbList","@id":"https:\/\/estructurasllerona.com\/fr\/processus-de-production\/#breadcrumb","itemListElement":[{"@type":"ListItem","position":1,"name":"Portada","item":"https:\/\/estructurasllerona.com\/fr\/accueil-2\/"},{"@type":"ListItem","position":2,"name":"Processus de production"}]},{"@type":"WebSite","@id":"https:\/\/estructurasllerona.com\/#website","url":"https:\/\/estructurasllerona.com\/","name":"Estructuras Met\u00e1licas Llerona","description":"Estructuras met\u00e1licas","potentialAction":[{"@type":"SearchAction","target":{"@type":"EntryPoint","urlTemplate":"https:\/\/estructurasllerona.com\/?s={search_term_string}"},"query-input":"required name=search_term_string"}],"inLanguage":"fr-FR"}]}},"_links":{"self":[{"href":"https:\/\/estructurasllerona.com\/fr\/wp-json\/wp\/v2\/pages\/1630"}],"collection":[{"href":"https:\/\/estructurasllerona.com\/fr\/wp-json\/wp\/v2\/pages"}],"about":[{"href":"https:\/\/estructurasllerona.com\/fr\/wp-json\/wp\/v2\/types\/page"}],"author":[{"embeddable":true,"href":"https:\/\/estructurasllerona.com\/fr\/wp-json\/wp\/v2\/users\/1"}],"replies":[{"embeddable":true,"href":"https:\/\/estructurasllerona.com\/fr\/wp-json\/wp\/v2\/comments?post=1630"}],"version-history":[{"count":5,"href":"https:\/\/estructurasllerona.com\/fr\/wp-json\/wp\/v2\/pages\/1630\/revisions"}],"predecessor-version":[{"id":2484,"href":"https:\/\/estructurasllerona.com\/fr\/wp-json\/wp\/v2\/pages\/1630\/revisions\/2484"}],"wp:attachment":[{"href":"https:\/\/estructurasllerona.com\/fr\/wp-json\/wp\/v2\/media?parent=1630"}],"curies":[{"name":"wp","href":"https:\/\/api.w.org\/{rel}","templated":true}]}}